{"id":4132,"date":"2025-06-17T13:53:53","date_gmt":"2025-06-17T11:53:53","guid":{"rendered":"https:\/\/ffroller-skateboard.fr\/guyane\/championnat-de-guyane\/"},"modified":"2026-02-14T11:04:57","modified_gmt":"2026-02-14T10:04:57","slug":"championnat-de-guyane","status":"publish","type":"page","link":"https:\/\/ffroller-skateboard.fr\/guyane\/championnat-de-guyane\/","title":{"rendered":"Championnat de Guyane"},"content":{"rendered":"<h2>CHAMPIONNAT DE GUYANE<\/h2>\n<article dir=\"auto\" data-testid=\"conversation-turn-20\" data-scroll-anchor=\"true\">\n<p data-start=\"62\" data-end=\"286\" data-is-last-node=\"\" data-is-only-node=\"\">Participez \u00e0 notre championnat r\u00e9gional de roller-skateboard-trottinette, ouvert \u00e0 tous ! Une belle occasion de vous d\u00e9passer, de rencontrer d\u2019autres passionn\u00e9s et de rouler dans une ambiance dynamique et conviviale. Relevez le d\u00e9fi avec nous !<\/p>\n<\/article>\n<p>\t\t\t\t\t\t\t\t\t\t\t\t\t\t\t\t<a href=\"https:\/\/www.helloasso.com\/associations\/ligue-roller-skateboard-guyane\/adhesions\/championnat-de-guyane-2025-roller-skateboard-trottinette\" target=\"_blank\"><br \/>\n\t\t\t\t\t\t\t<img fetchpriority=\"high\" decoding=\"async\" width=\"724\" height=\"1024\" src=\"https:\/\/ffroller-skateboard.fr\/guyane\/wp-content\/uploads\/sites\/2\/2025\/09\/Affiche-CDG2025-724x1024.png\" alt=\"\" \/>\t\t\t\t\t\t\t\t<\/a><\/p>\n<p><b><br \/><\/b><\/p>\n<p><b>Le championnat de Guyane 2025 de Roller &#8211; Skateboard &#8211; Trottinette<\/b> aura lieu le <b>samedi 25 octobre 2025<\/b> au <b>Skatepark de la Cocoteraie \u00e0 Kourou de 14h \u00e0 19h<\/b>.<\/p>\n<p>Cette ann\u00e9e, la comp\u00e9tition ROLLER PARK fait partie du <b>CIRCUIT ROLLER FREESTYLE &#8211; CHAMPIONNAT DE FRANCE<\/b>.<\/p>\n<p>Les inscriptions sont <b>gratuites<\/b>.<\/p>\n<p>Pour obtenir son classement officiel r\u00e9gional, <b>il faudra prendre sa licence aupr\u00e8s d&rsquo;un club affili\u00e9<\/b> (voir notre site web).<\/p>\n<p>Plus d&rsquo;infos au <b>06 94 24 69 21<\/b><\/p>\n<p><b><u>DISCIPLINES :<\/u><\/b><\/p>\n<p>&#8211; ROLLER PARK (\u00e0 partir de 6 ans)<\/p>\n<p>&#8211; ROLLER SKATECROSS (\u00e0 partir de 6 ans)<\/p>\n<p>&#8211; SKATEBOARD STREET (\u00e0 partir de 13 ans)<\/p>\n<p>&#8211; TROTTINETTE PARK (\u00e0 partir de 6 ans)<\/p>\n<p>infos sur les disciplines sur le site de la f\u00e9d\u00e9ration fran\u00e7aise de Roller et Skateboard :&nbsp;<a href=\"https:\/\/ffroller-skateboard.fr\/\">https:\/\/ffroller-skateboard.fr\/<\/a><\/p>\n<p><b><u>Adh\u00e9sions gratuites ici<\/u><\/b> :&nbsp;<a href=\"https:\/\/www.helloasso.com\/associations\/ligue-roller-skateboard-guyane\/adhesions\/championnat-de-guyane-2025-roller-skateboard-trottinette\">https:\/\/www.helloasso.com\/associations\/ligue-roller-skateboard-guyane\/adhesions\/championnat-de-guyane-2025-roller-skateboard-trottinette<\/a><\/p>\n<h2>ARCHIVES CHAMPIONNAT 2023<\/h2>\n<p>\t\t\t\t\t<a href=\"https:\/\/ffroller-skateboard.fr\/guyane\/stage-avella-aout-2024\/\"><br \/>\n\t\t\t\t\t\t\t\t\tD\u00e9couvrez les photos de l&rsquo;\u00e9v\u00e8nement<br \/>\n\t\t\t\t\t<\/a><\/p>\n","protected":false},"excerpt":{"rendered":"<p>CHAMPIONNAT DE GUYANE Participez \u00e0 notre championnat r\u00e9gional de roller-skateboard-trottinette, ouvert \u00e0 tous ! Une belle occasion de vous d\u00e9passer, de rencontrer d\u2019autres passionn\u00e9s et de rouler dans une ambiance dynamique et conviviale. Relevez le d\u00e9fi avec nous ! Le championnat de Guyane 2025 de Roller &#8211; Skateboard &#8211; Trottinette aura lieu le samedi 25 [&hellip;]<\/p>\n","protected":false},"author":79,"featured_media":0,"parent":0,"menu_order":0,"comment_status":"closed","ping_status":"closed","template":"","meta":{"_acf_changed":false,"footnotes":""},"class_list":["post-4132","page","type-page","status-publish","hentry"],"acf":[],"yoast_head":"<!-- This site is optimized with the Yoast SEO plugin v27.2 - https:\/\/yoast.com\/product\/yoast-seo-wordpress\/ -->\n<title>Championnat de Guyane - Ligue Roller et Skateboard Guyane<\/title>\n<meta name=\"robots\" content=\"index, follow, max-snippet:-1, max-image-preview:large, max-video-preview:-1\" \/>\n<link rel=\"canonical\" href=\"https:\/\/ffroller-skateboard.fr\/guyane\/championnat-de-guyane\/\" \/>\n<meta property=\"og:locale\" content=\"fr_FR\" \/>\n<meta property=\"og:type\" content=\"article\" \/>\n<meta property=\"og:title\" content=\"Championnat de Guyane - Ligue Roller et Skateboard Guyane\" \/>\n<meta property=\"og:description\" content=\"CHAMPIONNAT DE GUYANE Participez \u00e0 notre championnat r\u00e9gional de roller-skateboard-trottinette, ouvert \u00e0 tous ! Une belle occasion de vous d\u00e9passer, de rencontrer d\u2019autres passionn\u00e9s et de rouler dans une ambiance dynamique et conviviale. Relevez le d\u00e9fi avec nous ! Le championnat de Guyane 2025 de Roller &#8211; Skateboard &#8211; Trottinette aura lieu le samedi 25 [&hellip;]\" \/>\n<meta property=\"og:url\" content=\"https:\/\/ffroller-skateboard.fr\/guyane\/championnat-de-guyane\/\" \/>\n<meta property=\"og:site_name\" content=\"Ligue Roller et Skateboard Guyane\" \/>\n<meta property=\"article:publisher\" content=\"http:\/\/www.facebook.com\/pages\/GLISSE-URBAINE-973\/207079225982626\" \/>\n<meta property=\"article:modified_time\" content=\"2026-02-14T10:04:57+00:00\" \/>\n<meta property=\"og:image\" content=\"https:\/\/ffroller-skateboard.fr\/guyane\/wp-content\/uploads\/sites\/2\/2025\/09\/Affiche-CDG2025-724x1024.png\" \/>\n<meta name=\"twitter:card\" content=\"summary_large_image\" \/>\n<meta name=\"twitter:site\" content=\"@Rollersports973\" \/>\n<meta name=\"twitter:label1\" content=\"Dur\u00e9e de lecture estim\u00e9e\" \/>\n\t<meta name=\"twitter:data1\" content=\"2 minutes\" \/>\n<script type=\"application\/ld+json\" class=\"yoast-schema-graph\">{\"@context\":\"https:\/\/schema.org\",\"@graph\":[{\"@type\":\"WebPage\",\"@id\":\"https:\/\/ffroller-skateboard.fr\/guyane\/championnat-de-guyane\/\",\"url\":\"https:\/\/ffroller-skateboard.fr\/guyane\/championnat-de-guyane\/\",\"name\":\"Championnat de Guyane - Ligue Roller et Skateboard Guyane\",\"isPartOf\":{\"@id\":\"https:\/\/ffroller-skateboard.fr\/guyane\/#website\"},\"primaryImageOfPage\":{\"@id\":\"https:\/\/ffroller-skateboard.fr\/guyane\/championnat-de-guyane\/#primaryimage\"},\"image\":{\"@id\":\"https:\/\/ffroller-skateboard.fr\/guyane\/championnat-de-guyane\/#primaryimage\"},\"thumbnailUrl\":\"https:\/\/ffroller-skateboard.fr\/guyane\/wp-content\/uploads\/sites\/2\/2025\/09\/Affiche-CDG2025-724x1024.png\",\"datePublished\":\"2025-06-17T11:53:53+00:00\",\"dateModified\":\"2026-02-14T10:04:57+00:00\",\"breadcrumb\":{\"@id\":\"https:\/\/ffroller-skateboard.fr\/guyane\/championnat-de-guyane\/#breadcrumb\"},\"inLanguage\":\"fr-FR\",\"potentialAction\":[{\"@type\":\"ReadAction\",\"target\":[\"https:\/\/ffroller-skateboard.fr\/guyane\/championnat-de-guyane\/\"]}]},{\"@type\":\"ImageObject\",\"inLanguage\":\"fr-FR\",\"@id\":\"https:\/\/ffroller-skateboard.fr\/guyane\/championnat-de-guyane\/#primaryimage\",\"url\":\"https:\/\/ffroller-skateboard.fr\/guyane\/wp-content\/uploads\/sites\/2\/2025\/09\/Affiche-CDG2025.png\",\"contentUrl\":\"https:\/\/ffroller-skateboard.fr\/guyane\/wp-content\/uploads\/sites\/2\/2025\/09\/Affiche-CDG2025.png\",\"width\":1587,\"height\":2245},{\"@type\":\"BreadcrumbList\",\"@id\":\"https:\/\/ffroller-skateboard.fr\/guyane\/championnat-de-guyane\/#breadcrumb\",\"itemListElement\":[{\"@type\":\"ListItem\",\"position\":1,\"name\":\"Accueil\",\"item\":\"https:\/\/ffroller-skateboard.fr\/guyane\/\"},{\"@type\":\"ListItem\",\"position\":2,\"name\":\"Championnat de Guyane\"}]},{\"@type\":\"WebSite\",\"@id\":\"https:\/\/ffroller-skateboard.fr\/guyane\/#website\",\"url\":\"https:\/\/ffroller-skateboard.fr\/guyane\/\",\"name\":\"Ligue Roller et Skateboard Guyane\",\"description\":\"Un site utilisant Les sites de F\u00e9d\u00e9ration Fran\u00e7aise de Roller &amp; Skateboard\",\"publisher\":{\"@id\":\"https:\/\/ffroller-skateboard.fr\/guyane\/#organization\"},\"potentialAction\":[{\"@type\":\"SearchAction\",\"target\":{\"@type\":\"EntryPoint\",\"urlTemplate\":\"https:\/\/ffroller-skateboard.fr\/guyane\/?s={search_term_string}\"},\"query-input\":{\"@type\":\"PropertyValueSpecification\",\"valueRequired\":true,\"valueName\":\"search_term_string\"}}],\"inLanguage\":\"fr-FR\"},{\"@type\":\"Organization\",\"@id\":\"https:\/\/ffroller-skateboard.fr\/guyane\/#organization\",\"name\":\"Ligue Roller et Skateboard Guyane\",\"url\":\"https:\/\/ffroller-skateboard.fr\/guyane\/\",\"logo\":{\"@type\":\"ImageObject\",\"inLanguage\":\"fr-FR\",\"@id\":\"https:\/\/ffroller-skateboard.fr\/guyane\/#\/schema\/logo\/image\/\",\"url\":\"https:\/\/ffroller-skateboard.fr\/guyane\/wp-content\/uploads\/sites\/2\/2022\/09\/cropped-cropped-FFRoller_logo_Departement_Horizontal_Guyane_v2.png\",\"contentUrl\":\"https:\/\/ffroller-skateboard.fr\/guyane\/wp-content\/uploads\/sites\/2\/2022\/09\/cropped-cropped-FFRoller_logo_Departement_Horizontal_Guyane_v2.png\",\"width\":409,\"height\":148,\"caption\":\"Ligue Roller et Skateboard Guyane\"},\"image\":{\"@id\":\"https:\/\/ffroller-skateboard.fr\/guyane\/#\/schema\/logo\/image\/\"},\"sameAs\":[\"http:\/\/www.facebook.com\/pages\/GLISSE-URBAINE-973\/207079225982626\",\"https:\/\/x.com\/Rollersports973\",\"https:\/\/www.youtube.com\/channel\/UCGp6CUElp1RGqIB4LS13DcQ\",\"https:\/\/www.instagram.com\/glisse_urbaine_973\/?fbclid=IwAR27SZISk8Q9ePT-gAC4s6aephMzEkj3mmd4iywW2x1Obudl1YwnZOL0Xjk\"]}]}<\/script>\n<!-- \/ Yoast SEO plugin. -->","yoast_head_json":{"title":"Championnat de Guyane - Ligue Roller et Skateboard Guyane","robots":{"index":"index","follow":"follow","max-snippet":"max-snippet:-1","max-image-preview":"max-image-preview:large","max-video-preview":"max-video-preview:-1"},"canonical":"https:\/\/ffroller-skateboard.fr\/guyane\/championnat-de-guyane\/","og_locale":"fr_FR","og_type":"article","og_title":"Championnat de Guyane - Ligue Roller et Skateboard Guyane","og_description":"CHAMPIONNAT DE GUYANE Participez \u00e0 notre championnat r\u00e9gional de roller-skateboard-trottinette, ouvert \u00e0 tous ! Une belle occasion de vous d\u00e9passer, de rencontrer d\u2019autres passionn\u00e9s et de rouler dans une ambiance dynamique et conviviale. Relevez le d\u00e9fi avec nous ! Le championnat de Guyane 2025 de Roller &#8211; Skateboard &#8211; Trottinette aura lieu le samedi 25 [&hellip;]","og_url":"https:\/\/ffroller-skateboard.fr\/guyane\/championnat-de-guyane\/","og_site_name":"Ligue Roller et Skateboard Guyane","article_publisher":"http:\/\/www.facebook.com\/pages\/GLISSE-URBAINE-973\/207079225982626","article_modified_time":"2026-02-14T10:04:57+00:00","og_image":[{"url":"https:\/\/ffroller-skateboard.fr\/guyane\/wp-content\/uploads\/sites\/2\/2025\/09\/Affiche-CDG2025-724x1024.png","type":"","width":"","height":""}],"twitter_card":"summary_large_image","twitter_site":"@Rollersports973","twitter_misc":{"Dur\u00e9e de lecture estim\u00e9e":"2 minutes"},"schema":{"@context":"https:\/\/schema.org","@graph":[{"@type":"WebPage","@id":"https:\/\/ffroller-skateboard.fr\/guyane\/championnat-de-guyane\/","url":"https:\/\/ffroller-skateboard.fr\/guyane\/championnat-de-guyane\/","name":"Championnat de Guyane - Ligue Roller et Skateboard Guyane","isPartOf":{"@id":"https:\/\/ffroller-skateboard.fr\/guyane\/#website"},"primaryImageOfPage":{"@id":"https:\/\/ffroller-skateboard.fr\/guyane\/championnat-de-guyane\/#primaryimage"},"image":{"@id":"https:\/\/ffroller-skateboard.fr\/guyane\/championnat-de-guyane\/#primaryimage"},"thumbnailUrl":"https:\/\/ffroller-skateboard.fr\/guyane\/wp-content\/uploads\/sites\/2\/2025\/09\/Affiche-CDG2025-724x1024.png","datePublished":"2025-06-17T11:53:53+00:00","dateModified":"2026-02-14T10:04:57+00:00","breadcrumb":{"@id":"https:\/\/ffroller-skateboard.fr\/guyane\/championnat-de-guyane\/#breadcrumb"},"inLanguage":"fr-FR","potentialAction":[{"@type":"ReadAction","target":["https:\/\/ffroller-skateboard.fr\/guyane\/championnat-de-guyane\/"]}]},{"@type":"ImageObject","inLanguage":"fr-FR","@id":"https:\/\/ffroller-skateboard.fr\/guyane\/championnat-de-guyane\/#primaryimage","url":"https:\/\/ffroller-skateboard.fr\/guyane\/wp-content\/uploads\/sites\/2\/2025\/09\/Affiche-CDG2025.png","contentUrl":"https:\/\/ffroller-skateboard.fr\/guyane\/wp-content\/uploads\/sites\/2\/2025\/09\/Affiche-CDG2025.png","width":1587,"height":2245},{"@type":"BreadcrumbList","@id":"https:\/\/ffroller-skateboard.fr\/guyane\/championnat-de-guyane\/#breadcrumb","itemListElement":[{"@type":"ListItem","position":1,"name":"Accueil","item":"https:\/\/ffroller-skateboard.fr\/guyane\/"},{"@type":"ListItem","position":2,"name":"Championnat de Guyane"}]},{"@type":"WebSite","@id":"https:\/\/ffroller-skateboard.fr\/guyane\/#website","url":"https:\/\/ffroller-skateboard.fr\/guyane\/","name":"Ligue Roller et Skateboard Guyane","description":"Un site utilisant Les sites de F\u00e9d\u00e9ration Fran\u00e7aise de Roller &amp; Skateboard","publisher":{"@id":"https:\/\/ffroller-skateboard.fr\/guyane\/#organization"},"potentialAction":[{"@type":"SearchAction","target":{"@type":"EntryPoint","urlTemplate":"https:\/\/ffroller-skateboard.fr\/guyane\/?s={search_term_string}"},"query-input":{"@type":"PropertyValueSpecification","valueRequired":true,"valueName":"search_term_string"}}],"inLanguage":"fr-FR"},{"@type":"Organization","@id":"https:\/\/ffroller-skateboard.fr\/guyane\/#organization","name":"Ligue Roller et Skateboard Guyane","url":"https:\/\/ffroller-skateboard.fr\/guyane\/","logo":{"@type":"ImageObject","inLanguage":"fr-FR","@id":"https:\/\/ffroller-skateboard.fr\/guyane\/#\/schema\/logo\/image\/","url":"https:\/\/ffroller-skateboard.fr\/guyane\/wp-content\/uploads\/sites\/2\/2022\/09\/cropped-cropped-FFRoller_logo_Departement_Horizontal_Guyane_v2.png","contentUrl":"https:\/\/ffroller-skateboard.fr\/guyane\/wp-content\/uploads\/sites\/2\/2022\/09\/cropped-cropped-FFRoller_logo_Departement_Horizontal_Guyane_v2.png","width":409,"height":148,"caption":"Ligue Roller et Skateboard Guyane"},"image":{"@id":"https:\/\/ffroller-skateboard.fr\/guyane\/#\/schema\/logo\/image\/"},"sameAs":["http:\/\/www.facebook.com\/pages\/GLISSE-URBAINE-973\/207079225982626","https:\/\/x.com\/Rollersports973","https:\/\/www.youtube.com\/channel\/UCGp6CUElp1RGqIB4LS13DcQ","https:\/\/www.instagram.com\/glisse_urbaine_973\/?fbclid=IwAR27SZISk8Q9ePT-gAC4s6aephMzEkj3mmd4iywW2x1Obudl1YwnZOL0Xjk"]}]}},"_links":{"self":[{"href":"https:\/\/ffroller-skateboard.fr\/guyane\/wp-json\/wp\/v2\/pages\/4132","targetHints":{"allow":["GET"]}}],"collection":[{"href":"https:\/\/ffroller-skateboard.fr\/guyane\/wp-json\/wp\/v2\/pages"}],"about":[{"href":"https:\/\/ffroller-skateboard.fr\/guyane\/wp-json\/wp\/v2\/types\/page"}],"author":[{"embeddable":true,"href":"https:\/\/ffroller-skateboard.fr\/guyane\/wp-json\/wp\/v2\/users\/79"}],"replies":[{"embeddable":true,"href":"https:\/\/ffroller-skateboard.fr\/guyane\/wp-json\/wp\/v2\/comments?post=4132"}],"version-history":[{"count":3,"href":"https:\/\/ffroller-skateboard.fr\/guyane\/wp-json\/wp\/v2\/pages\/4132\/revisions"}],"predecessor-version":[{"id":5110,"href":"https:\/\/ffroller-skateboard.fr\/guyane\/wp-json\/wp\/v2\/pages\/4132\/revisions\/5110"}],"wp:attachment":[{"href":"https:\/\/ffroller-skateboard.fr\/guyane\/wp-json\/wp\/v2\/media?parent=4132"}],"curies":[{"name":"wp","href":"https:\/\/api.w.org\/{rel}","templated":true}]}}