{"id":4144,"date":"2025-06-17T13:54:02","date_gmt":"2025-06-17T11:54:02","guid":{"rendered":"https:\/\/ffroller-skateboard.fr\/guyane\/stages-skateboard\/"},"modified":"2025-06-18T09:28:18","modified_gmt":"2025-06-18T07:28:18","slug":"stages-skateboard","status":"publish","type":"page","link":"https:\/\/ffroller-skateboard.fr\/guyane\/stages-skateboard\/","title":{"rendered":"Stages Skateboard"},"content":{"rendered":"\t\t<div data-elementor-type=\"wp-page\" data-elementor-id=\"4144\" class=\"elementor elementor-4144\" data-elementor-post-type=\"page\">\n\t\t\t\t<div class=\"elementor-element elementor-element-2d3f1a8b e-con-full e-flex e-con e-parent\" data-id=\"2d3f1a8b\" data-element_type=\"container\" data-e-type=\"container\" data-settings=\"{&quot;background_background&quot;:&quot;classic&quot;}\">\n\t\t\t\t<div class=\"elementor-element elementor-element-446bbe69 elementor-widget elementor-widget-heading\" data-id=\"446bbe69\" data-element_type=\"widget\" data-e-type=\"widget\" data-widget_type=\"heading.default\">\n\t\t\t\t<div class=\"elementor-widget-container\">\n\t\t\t\t\t<h2 class=\"elementor-heading-title elementor-size-default\">STAGES DE SKATEBOARD<\/h2>\t\t\t\t<\/div>\n\t\t\t\t<\/div>\n\t\t<div class=\"elementor-element elementor-element-3c7172ad e-flex e-con-boxed e-con e-child\" data-id=\"3c7172ad\" data-element_type=\"container\" data-e-type=\"container\">\n\t\t\t\t\t<div class=\"e-con-inner\">\n\t\t\t\t<div class=\"elementor-element elementor-element-65df8d54 elementor-widget elementor-widget-text-editor\" data-id=\"65df8d54\" data-element_type=\"widget\" data-e-type=\"widget\" data-widget_type=\"text-editor.default\">\n\t\t\t\t<div class=\"elementor-widget-container\">\n\t\t\t\t\t\t\t\t\t<p>Pendant toutes les vacances scolaires, nous proposons des stages de Skateboard ouverts \u00e0 tous les niveaux, encadr\u00e9s Alvyn SIOURAKAN-BADALOU titulaire d\u2019un CQP A.L.S. et d\u2019un Brevet d\u2019Initiateur F\u00e9d\u00e9ral Skateboard.Venez d\u00e9couvrir ou perfectionner votre pratique du <strong data-start=\"298\" data-end=\"308\">roller<\/strong>, quel que soit votre niveau !<\/p><p><b>LES INSCRIPTIONS SE FONT OBLIGATOIREMENT EN LIGNE SUR HELLO ASSO<\/b><\/p><p><b>\u00a0<\/b><\/p><p><b>\u00a0<\/b><\/p><p><b>PROCHAIN STAGE A VENIR<\/b><\/p>\t\t\t\t\t\t\t\t<\/div>\n\t\t\t\t<\/div>\n\t\t\t\t\t<\/div>\n\t\t\t\t<\/div>\n\t\t\t\t<\/div>\n\t\t<div class=\"elementor-element elementor-element-65659366 e-flex e-con-boxed e-con e-parent\" data-id=\"65659366\" data-element_type=\"container\" data-e-type=\"container\">\n\t\t\t\t\t<div class=\"e-con-inner\">\n\t\t\t\t<div class=\"elementor-element elementor-element-3a5bf5a8 elementor-widget elementor-widget-spacer\" data-id=\"3a5bf5a8\" data-element_type=\"widget\" data-e-type=\"widget\" data-widget_type=\"spacer.default\">\n\t\t\t\t<div class=\"elementor-widget-container\">\n\t\t\t\t\t\t\t<div class=\"elementor-spacer\">\n\t\t\t<div class=\"elementor-spacer-inner\"><\/div>\n\t\t<\/div>\n\t\t\t\t\t\t<\/div>\n\t\t\t\t<\/div>\n\t\t\t\t\t<\/div>\n\t\t\t\t<\/div>\n\t\t\t\t<\/div>\n\t\t","protected":false},"excerpt":{"rendered":"<p>STAGES DE SKATEBOARD Pendant toutes les vacances scolaires, nous proposons des stages de Skateboard ouverts \u00e0 tous les niveaux, encadr\u00e9s Alvyn SIOURAKAN-BADALOU titulaire d\u2019un CQP A.L.S. et d\u2019un Brevet d\u2019Initiateur F\u00e9d\u00e9ral Skateboard.Venez d\u00e9couvrir ou perfectionner votre pratique du roller, quel que soit votre niveau ! LES INSCRIPTIONS SE FONT OBLIGATOIREMENT EN LIGNE SUR HELLO ASSO [&hellip;]<\/p>\n","protected":false},"author":79,"featured_media":0,"parent":0,"menu_order":0,"comment_status":"closed","ping_status":"closed","template":"","meta":{"_acf_changed":false,"footnotes":""},"class_list":["post-4144","page","type-page","status-publish","hentry"],"acf":[],"yoast_head":"<!-- This site is optimized with the Yoast SEO plugin v27.2 - https:\/\/yoast.com\/product\/yoast-seo-wordpress\/ -->\n<title>Stages Skateboard - Ligue Roller et Skateboard Guyane<\/title>\n<meta name=\"robots\" content=\"index, follow, max-snippet:-1, max-image-preview:large, max-video-preview:-1\" \/>\n<link rel=\"canonical\" href=\"https:\/\/ffroller-skateboard.fr\/guyane\/stages-skateboard\/\" \/>\n<meta property=\"og:locale\" content=\"fr_FR\" \/>\n<meta property=\"og:type\" content=\"article\" \/>\n<meta property=\"og:title\" content=\"Stages Skateboard - Ligue Roller et Skateboard Guyane\" \/>\n<meta property=\"og:description\" content=\"STAGES DE SKATEBOARD Pendant toutes les vacances scolaires, nous proposons des stages de Skateboard ouverts \u00e0 tous les niveaux, encadr\u00e9s Alvyn SIOURAKAN-BADALOU titulaire d\u2019un CQP A.L.S. et d\u2019un Brevet d\u2019Initiateur F\u00e9d\u00e9ral Skateboard.Venez d\u00e9couvrir ou perfectionner votre pratique du roller, quel que soit votre niveau ! LES INSCRIPTIONS SE FONT OBLIGATOIREMENT EN LIGNE SUR HELLO ASSO [&hellip;]\" \/>\n<meta property=\"og:url\" content=\"https:\/\/ffroller-skateboard.fr\/guyane\/stages-skateboard\/\" \/>\n<meta property=\"og:site_name\" content=\"Ligue Roller et Skateboard Guyane\" \/>\n<meta property=\"article:publisher\" content=\"http:\/\/www.facebook.com\/pages\/GLISSE-URBAINE-973\/207079225982626\" \/>\n<meta property=\"article:modified_time\" content=\"2025-06-18T07:28:18+00:00\" \/>\n<meta name=\"twitter:card\" content=\"summary_large_image\" \/>\n<meta name=\"twitter:site\" content=\"@Rollersports973\" \/>\n<meta name=\"twitter:label1\" content=\"Dur\u00e9e de lecture estim\u00e9e\" \/>\n\t<meta name=\"twitter:data1\" content=\"1 minute\" \/>\n<script type=\"application\/ld+json\" class=\"yoast-schema-graph\">{\"@context\":\"https:\/\/schema.org\",\"@graph\":[{\"@type\":\"WebPage\",\"@id\":\"https:\/\/ffroller-skateboard.fr\/guyane\/stages-skateboard\/\",\"url\":\"https:\/\/ffroller-skateboard.fr\/guyane\/stages-skateboard\/\",\"name\":\"Stages Skateboard - Ligue Roller et Skateboard Guyane\",\"isPartOf\":{\"@id\":\"https:\/\/ffroller-skateboard.fr\/guyane\/#website\"},\"datePublished\":\"2025-06-17T11:54:02+00:00\",\"dateModified\":\"2025-06-18T07:28:18+00:00\",\"breadcrumb\":{\"@id\":\"https:\/\/ffroller-skateboard.fr\/guyane\/stages-skateboard\/#breadcrumb\"},\"inLanguage\":\"fr-FR\",\"potentialAction\":[{\"@type\":\"ReadAction\",\"target\":[\"https:\/\/ffroller-skateboard.fr\/guyane\/stages-skateboard\/\"]}]},{\"@type\":\"BreadcrumbList\",\"@id\":\"https:\/\/ffroller-skateboard.fr\/guyane\/stages-skateboard\/#breadcrumb\",\"itemListElement\":[{\"@type\":\"ListItem\",\"position\":1,\"name\":\"Accueil\",\"item\":\"https:\/\/ffroller-skateboard.fr\/guyane\/\"},{\"@type\":\"ListItem\",\"position\":2,\"name\":\"Stages Skateboard\"}]},{\"@type\":\"WebSite\",\"@id\":\"https:\/\/ffroller-skateboard.fr\/guyane\/#website\",\"url\":\"https:\/\/ffroller-skateboard.fr\/guyane\/\",\"name\":\"Ligue Roller et Skateboard Guyane\",\"description\":\"Un site utilisant Les sites de F\u00e9d\u00e9ration Fran\u00e7aise de Roller &amp; Skateboard\",\"publisher\":{\"@id\":\"https:\/\/ffroller-skateboard.fr\/guyane\/#organization\"},\"potentialAction\":[{\"@type\":\"SearchAction\",\"target\":{\"@type\":\"EntryPoint\",\"urlTemplate\":\"https:\/\/ffroller-skateboard.fr\/guyane\/?s={search_term_string}\"},\"query-input\":{\"@type\":\"PropertyValueSpecification\",\"valueRequired\":true,\"valueName\":\"search_term_string\"}}],\"inLanguage\":\"fr-FR\"},{\"@type\":\"Organization\",\"@id\":\"https:\/\/ffroller-skateboard.fr\/guyane\/#organization\",\"name\":\"Ligue Roller et Skateboard Guyane\",\"url\":\"https:\/\/ffroller-skateboard.fr\/guyane\/\",\"logo\":{\"@type\":\"ImageObject\",\"inLanguage\":\"fr-FR\",\"@id\":\"https:\/\/ffroller-skateboard.fr\/guyane\/#\/schema\/logo\/image\/\",\"url\":\"https:\/\/ffroller-skateboard.fr\/guyane\/wp-content\/uploads\/sites\/2\/2022\/09\/cropped-cropped-FFRoller_logo_Departement_Horizontal_Guyane_v2.png\",\"contentUrl\":\"https:\/\/ffroller-skateboard.fr\/guyane\/wp-content\/uploads\/sites\/2\/2022\/09\/cropped-cropped-FFRoller_logo_Departement_Horizontal_Guyane_v2.png\",\"width\":409,\"height\":148,\"caption\":\"Ligue Roller et Skateboard Guyane\"},\"image\":{\"@id\":\"https:\/\/ffroller-skateboard.fr\/guyane\/#\/schema\/logo\/image\/\"},\"sameAs\":[\"http:\/\/www.facebook.com\/pages\/GLISSE-URBAINE-973\/207079225982626\",\"https:\/\/x.com\/Rollersports973\",\"https:\/\/www.youtube.com\/channel\/UCGp6CUElp1RGqIB4LS13DcQ\",\"https:\/\/www.instagram.com\/glisse_urbaine_973\/?fbclid=IwAR27SZISk8Q9ePT-gAC4s6aephMzEkj3mmd4iywW2x1Obudl1YwnZOL0Xjk\"]}]}<\/script>\n<!-- \/ Yoast SEO plugin. -->","yoast_head_json":{"title":"Stages Skateboard - Ligue Roller et Skateboard Guyane","robots":{"index":"index","follow":"follow","max-snippet":"max-snippet:-1","max-image-preview":"max-image-preview:large","max-video-preview":"max-video-preview:-1"},"canonical":"https:\/\/ffroller-skateboard.fr\/guyane\/stages-skateboard\/","og_locale":"fr_FR","og_type":"article","og_title":"Stages Skateboard - Ligue Roller et Skateboard Guyane","og_description":"STAGES DE SKATEBOARD Pendant toutes les vacances scolaires, nous proposons des stages de Skateboard ouverts \u00e0 tous les niveaux, encadr\u00e9s Alvyn SIOURAKAN-BADALOU titulaire d\u2019un CQP A.L.S. et d\u2019un Brevet d\u2019Initiateur F\u00e9d\u00e9ral Skateboard.Venez d\u00e9couvrir ou perfectionner votre pratique du roller, quel que soit votre niveau ! LES INSCRIPTIONS SE FONT OBLIGATOIREMENT EN LIGNE SUR HELLO ASSO [&hellip;]","og_url":"https:\/\/ffroller-skateboard.fr\/guyane\/stages-skateboard\/","og_site_name":"Ligue Roller et Skateboard Guyane","article_publisher":"http:\/\/www.facebook.com\/pages\/GLISSE-URBAINE-973\/207079225982626","article_modified_time":"2025-06-18T07:28:18+00:00","twitter_card":"summary_large_image","twitter_site":"@Rollersports973","twitter_misc":{"Dur\u00e9e de lecture estim\u00e9e":"1 minute"},"schema":{"@context":"https:\/\/schema.org","@graph":[{"@type":"WebPage","@id":"https:\/\/ffroller-skateboard.fr\/guyane\/stages-skateboard\/","url":"https:\/\/ffroller-skateboard.fr\/guyane\/stages-skateboard\/","name":"Stages Skateboard - Ligue Roller et Skateboard Guyane","isPartOf":{"@id":"https:\/\/ffroller-skateboard.fr\/guyane\/#website"},"datePublished":"2025-06-17T11:54:02+00:00","dateModified":"2025-06-18T07:28:18+00:00","breadcrumb":{"@id":"https:\/\/ffroller-skateboard.fr\/guyane\/stages-skateboard\/#breadcrumb"},"inLanguage":"fr-FR","potentialAction":[{"@type":"ReadAction","target":["https:\/\/ffroller-skateboard.fr\/guyane\/stages-skateboard\/"]}]},{"@type":"BreadcrumbList","@id":"https:\/\/ffroller-skateboard.fr\/guyane\/stages-skateboard\/#breadcrumb","itemListElement":[{"@type":"ListItem","position":1,"name":"Accueil","item":"https:\/\/ffroller-skateboard.fr\/guyane\/"},{"@type":"ListItem","position":2,"name":"Stages Skateboard"}]},{"@type":"WebSite","@id":"https:\/\/ffroller-skateboard.fr\/guyane\/#website","url":"https:\/\/ffroller-skateboard.fr\/guyane\/","name":"Ligue Roller et Skateboard Guyane","description":"Un site utilisant Les sites de F\u00e9d\u00e9ration Fran\u00e7aise de Roller &amp; Skateboard","publisher":{"@id":"https:\/\/ffroller-skateboard.fr\/guyane\/#organization"},"potentialAction":[{"@type":"SearchAction","target":{"@type":"EntryPoint","urlTemplate":"https:\/\/ffroller-skateboard.fr\/guyane\/?s={search_term_string}"},"query-input":{"@type":"PropertyValueSpecification","valueRequired":true,"valueName":"search_term_string"}}],"inLanguage":"fr-FR"},{"@type":"Organization","@id":"https:\/\/ffroller-skateboard.fr\/guyane\/#organization","name":"Ligue Roller et Skateboard Guyane","url":"https:\/\/ffroller-skateboard.fr\/guyane\/","logo":{"@type":"ImageObject","inLanguage":"fr-FR","@id":"https:\/\/ffroller-skateboard.fr\/guyane\/#\/schema\/logo\/image\/","url":"https:\/\/ffroller-skateboard.fr\/guyane\/wp-content\/uploads\/sites\/2\/2022\/09\/cropped-cropped-FFRoller_logo_Departement_Horizontal_Guyane_v2.png","contentUrl":"https:\/\/ffroller-skateboard.fr\/guyane\/wp-content\/uploads\/sites\/2\/2022\/09\/cropped-cropped-FFRoller_logo_Departement_Horizontal_Guyane_v2.png","width":409,"height":148,"caption":"Ligue Roller et Skateboard Guyane"},"image":{"@id":"https:\/\/ffroller-skateboard.fr\/guyane\/#\/schema\/logo\/image\/"},"sameAs":["http:\/\/www.facebook.com\/pages\/GLISSE-URBAINE-973\/207079225982626","https:\/\/x.com\/Rollersports973","https:\/\/www.youtube.com\/channel\/UCGp6CUElp1RGqIB4LS13DcQ","https:\/\/www.instagram.com\/glisse_urbaine_973\/?fbclid=IwAR27SZISk8Q9ePT-gAC4s6aephMzEkj3mmd4iywW2x1Obudl1YwnZOL0Xjk"]}]}},"_links":{"self":[{"href":"https:\/\/ffroller-skateboard.fr\/guyane\/wp-json\/wp\/v2\/pages\/4144","targetHints":{"allow":["GET"]}}],"collection":[{"href":"https:\/\/ffroller-skateboard.fr\/guyane\/wp-json\/wp\/v2\/pages"}],"about":[{"href":"https:\/\/ffroller-skateboard.fr\/guyane\/wp-json\/wp\/v2\/types\/page"}],"author":[{"embeddable":true,"href":"https:\/\/ffroller-skateboard.fr\/guyane\/wp-json\/wp\/v2\/users\/79"}],"replies":[{"embeddable":true,"href":"https:\/\/ffroller-skateboard.fr\/guyane\/wp-json\/wp\/v2\/comments?post=4144"}],"version-history":[{"count":3,"href":"https:\/\/ffroller-skateboard.fr\/guyane\/wp-json\/wp\/v2\/pages\/4144\/revisions"}],"predecessor-version":[{"id":4686,"href":"https:\/\/ffroller-skateboard.fr\/guyane\/wp-json\/wp\/v2\/pages\/4144\/revisions\/4686"}],"wp:attachment":[{"href":"https:\/\/ffroller-skateboard.fr\/guyane\/wp-json\/wp\/v2\/media?parent=4144"}],"curies":[{"name":"wp","href":"https:\/\/api.w.org\/{rel}","templated":true}]}}