{"id":4151,"date":"2025-06-17T13:54:04","date_gmt":"2025-06-17T11:54:04","guid":{"rendered":"https:\/\/ffroller-skateboard.fr\/guyane\/remire-montjoly-3\/"},"modified":"2025-08-14T15:13:35","modified_gmt":"2025-08-14T13:13:35","slug":"remire-montjoly-3","status":"publish","type":"page","link":"https:\/\/ffroller-skateboard.fr\/guyane\/remire-montjoly-3\/","title":{"rendered":"R\u00e9mire-Montjoly"},"content":{"rendered":"\t\t<div data-elementor-type=\"wp-page\" data-elementor-id=\"4151\" class=\"elementor elementor-4151\" data-elementor-post-type=\"page\">\n\t\t\t\t<div class=\"elementor-element elementor-element-6fe29454 e-con-full e-flex e-con e-parent\" data-id=\"6fe29454\" data-element_type=\"container\" data-e-type=\"container\" data-settings=\"{&quot;background_background&quot;:&quot;classic&quot;}\">\n\t\t\t\t<div class=\"elementor-element elementor-element-2ade2c49 elementor-widget elementor-widget-heading\" data-id=\"2ade2c49\" data-element_type=\"widget\" data-e-type=\"widget\" data-widget_type=\"heading.default\">\n\t\t\t\t<div class=\"elementor-widget-container\">\n\t\t\t\t\t<h2 class=\"elementor-heading-title elementor-size-default\">LES VACANCES EN ROLLER \u00c0 R\u00c9MIRE - MONTJOLY<\/h2>\t\t\t\t<\/div>\n\t\t\t\t<\/div>\n\t\t\t\t<div class=\"elementor-element elementor-element-594904fd elementor-widget elementor-widget-text-editor\" data-id=\"594904fd\" data-element_type=\"widget\" data-e-type=\"widget\" data-widget_type=\"text-editor.default\">\n\t\t\t\t<div class=\"elementor-widget-container\">\n\t\t\t\t\t\t\t\t\t<p data-start=\"131\" data-end=\"424\">Pendant les vacances d\u2019<strong data-start=\"154\" data-end=\"161\">\u00e9t\u00e9<\/strong> et de <strong data-start=\"168\" data-end=\"181\">Toussaint<\/strong>, des stages sont propos\u00e9s aux jeunes de <strong data-start=\"222\" data-end=\"237\">11 \u00e0 18 ans<\/strong> dU quartier&nbsp;<strong data-start=\"272\" data-end=\"287\">Arc-en-ciel<\/strong>.<br data-start=\"288\" data-end=\"291\">Ces ateliers permettent de d\u00e9couvrir plusieurs disciplines du roller.<\/p>\n<p data-start=\"426\" data-end=\"492\"><strong data-start=\"429\" data-end=\"459\">Une autorisation parentale<\/strong> est obligatoire pour participer.<\/p>\n<p data-start=\"426\" data-end=\"492\"><strong style=\"letter-spacing: 0px\">&nbsp;<\/strong><\/p>\n<p><img decoding=\"async\" role=\"img\" class=\"emoji\" alt=\"\ud83d\udcde\" src=\"https:\/\/s.w.org\/images\/core\/emoji\/16.0.1\/svg\/1f4de.svg\">&nbsp;<span style=\"font-weight: bolder\" data-start=\"539\" data-end=\"562\">Plus d\u2019informations<\/span>&nbsp;:<\/p>\n<p data-start=\"494\" data-end=\"613\">Appelez le <strong data-start=\"537\" data-end=\"555\">06 94 92 83 38<\/strong><br data-start=\"555\" data-end=\"558\"><img decoding=\"async\" role=\"img\" class=\"emoji\" alt=\"\ud83d\udcf1\" src=\"https:\/\/s.w.org\/images\/core\/emoji\/16.0.1\/svg\/1f4f1.svg\"> Ou envoyez un message WhatsApp au <strong data-start=\"595\" data-end=\"613\">06 94 24 69 21<\/strong><\/p>\t\t\t\t\t\t\t\t<\/div>\n\t\t\t\t<\/div>\n\t\t<div class=\"elementor-element elementor-element-7a898433 e-flex e-con-boxed e-con e-child\" data-id=\"7a898433\" data-element_type=\"container\" data-e-type=\"container\">\n\t\t\t\t\t<div class=\"e-con-inner\">\n\t\t\t\t<div class=\"elementor-element elementor-element-28f5341f elementor-widget elementor-widget-spacer\" data-id=\"28f5341f\" data-element_type=\"widget\" data-e-type=\"widget\" data-widget_type=\"spacer.default\">\n\t\t\t\t<div class=\"elementor-widget-container\">\n\t\t\t\t\t\t\t<div class=\"elementor-spacer\">\n\t\t\t<div class=\"elementor-spacer-inner\"><\/div>\n\t\t<\/div>\n\t\t\t\t\t\t<\/div>\n\t\t\t\t<\/div>\n\t\t\t\t\t<\/div>\n\t\t\t\t<\/div>\n\t\t\t\t<\/div>\n\t\t<div class=\"elementor-element elementor-element-61e425da e-flex e-con-boxed e-con e-parent\" data-id=\"61e425da\" data-element_type=\"container\" data-e-type=\"container\">\n\t\t\t\t\t<div class=\"e-con-inner\">\n\t\t\t\t<div class=\"elementor-element elementor-element-5d8ddd32 elementor-widget elementor-widget-spacer\" data-id=\"5d8ddd32\" data-element_type=\"widget\" data-e-type=\"widget\" data-widget_type=\"spacer.default\">\n\t\t\t\t<div class=\"elementor-widget-container\">\n\t\t\t\t\t\t\t<div class=\"elementor-spacer\">\n\t\t\t<div class=\"elementor-spacer-inner\"><\/div>\n\t\t<\/div>\n\t\t\t\t\t\t<\/div>\n\t\t\t\t<\/div>\n\t\t\t\t\t<\/div>\n\t\t\t\t<\/div>\n\t\t<div class=\"elementor-element elementor-element-47b6b1b1 e-con-full e-flex e-con e-parent\" data-id=\"47b6b1b1\" data-element_type=\"container\" data-e-type=\"container\">\n\t\t\t\t<div class=\"elementor-element elementor-element-6f4e0806 elementor-widget elementor-widget-image\" data-id=\"6f4e0806\" data-element_type=\"widget\" data-e-type=\"widget\" data-widget_type=\"image.default\">\n\t\t\t\t<div class=\"elementor-widget-container\">\n\t\t\t\t\t\t\t\t\t\t\t\t\t\t\t<img fetchpriority=\"high\" decoding=\"async\" width=\"724\" height=\"1024\" src=\"https:\/\/ffroller-skateboard.fr\/guyane\/wp-content\/uploads\/sites\/2\/2025\/08\/LES-VACANCES-EN-ROLLER-7-724x1024.png\" class=\"attachment-large size-large wp-image-5067\" alt=\"\" srcset=\"https:\/\/ffroller-skateboard.fr\/guyane\/wp-content\/uploads\/sites\/2\/2025\/08\/LES-VACANCES-EN-ROLLER-7-724x1024.png 724w, https:\/\/ffroller-skateboard.fr\/guyane\/wp-content\/uploads\/sites\/2\/2025\/08\/LES-VACANCES-EN-ROLLER-7-212x300.png 212w, https:\/\/ffroller-skateboard.fr\/guyane\/wp-content\/uploads\/sites\/2\/2025\/08\/LES-VACANCES-EN-ROLLER-7-768x1086.png 768w, https:\/\/ffroller-skateboard.fr\/guyane\/wp-content\/uploads\/sites\/2\/2025\/08\/LES-VACANCES-EN-ROLLER-7-1086x1536.png 1086w, https:\/\/ffroller-skateboard.fr\/guyane\/wp-content\/uploads\/sites\/2\/2025\/08\/LES-VACANCES-EN-ROLLER-7.png 1414w\" sizes=\"(max-width: 724px) 100vw, 724px\" \/>\t\t\t\t\t\t\t\t\t\t\t\t\t\t\t<\/div>\n\t\t\t\t<\/div>\n\t\t\t\t<\/div>\n\t\t\t\t<\/div>\n\t\t","protected":false},"excerpt":{"rendered":"<p>LES VACANCES EN ROLLER \u00c0 R\u00c9MIRE &#8211; MONTJOLY Pendant les vacances d\u2019\u00e9t\u00e9 et de Toussaint, des stages sont propos\u00e9s aux jeunes de 11 \u00e0 18 ans dU quartier&nbsp;Arc-en-ciel.Ces ateliers permettent de d\u00e9couvrir plusieurs disciplines du roller. Une autorisation parentale est obligatoire pour participer. &nbsp; &nbsp;Plus d\u2019informations&nbsp;: Appelez le 06 94 92 83 38 Ou envoyez [&hellip;]<\/p>\n","protected":false},"author":79,"featured_media":0,"parent":0,"menu_order":0,"comment_status":"closed","ping_status":"closed","template":"","meta":{"_acf_changed":false,"footnotes":""},"class_list":["post-4151","page","type-page","status-publish","hentry"],"acf":[],"yoast_head":"<!-- This site is optimized with the Yoast SEO plugin v27.2 - https:\/\/yoast.com\/product\/yoast-seo-wordpress\/ -->\n<title>R\u00e9mire-Montjoly - Ligue Roller et Skateboard Guyane<\/title>\n<meta name=\"robots\" content=\"index, follow, max-snippet:-1, max-image-preview:large, max-video-preview:-1\" \/>\n<link rel=\"canonical\" href=\"https:\/\/ffroller-skateboard.fr\/guyane\/remire-montjoly-3\/\" \/>\n<meta property=\"og:locale\" content=\"fr_FR\" \/>\n<meta property=\"og:type\" content=\"article\" \/>\n<meta property=\"og:title\" content=\"R\u00e9mire-Montjoly - Ligue Roller et Skateboard Guyane\" \/>\n<meta property=\"og:description\" content=\"LES VACANCES EN ROLLER \u00c0 R\u00c9MIRE &#8211; MONTJOLY Pendant les vacances d\u2019\u00e9t\u00e9 et de Toussaint, des stages sont propos\u00e9s aux jeunes de 11 \u00e0 18 ans dU quartier&nbsp;Arc-en-ciel.Ces ateliers permettent de d\u00e9couvrir plusieurs disciplines du roller. Une autorisation parentale est obligatoire pour participer. &nbsp; &nbsp;Plus d\u2019informations&nbsp;: Appelez le 06 94 92 83 38 Ou envoyez [&hellip;]\" \/>\n<meta property=\"og:url\" content=\"https:\/\/ffroller-skateboard.fr\/guyane\/remire-montjoly-3\/\" \/>\n<meta property=\"og:site_name\" content=\"Ligue Roller et Skateboard Guyane\" \/>\n<meta property=\"article:publisher\" content=\"http:\/\/www.facebook.com\/pages\/GLISSE-URBAINE-973\/207079225982626\" \/>\n<meta property=\"article:modified_time\" content=\"2025-08-14T13:13:35+00:00\" \/>\n<meta property=\"og:image\" content=\"https:\/\/s.w.org\/images\/core\/emoji\/16.0.1\/svg\/1f4de.svg\" \/>\n<meta name=\"twitter:card\" content=\"summary_large_image\" \/>\n<meta name=\"twitter:site\" content=\"@Rollersports973\" \/>\n<meta name=\"twitter:label1\" content=\"Dur\u00e9e de lecture estim\u00e9e\" \/>\n\t<meta name=\"twitter:data1\" content=\"1 minute\" \/>\n<script type=\"application\/ld+json\" class=\"yoast-schema-graph\">{\"@context\":\"https:\/\/schema.org\",\"@graph\":[{\"@type\":\"WebPage\",\"@id\":\"https:\/\/ffroller-skateboard.fr\/guyane\/remire-montjoly-3\/\",\"url\":\"https:\/\/ffroller-skateboard.fr\/guyane\/remire-montjoly-3\/\",\"name\":\"R\u00e9mire-Montjoly - Ligue Roller et Skateboard Guyane\",\"isPartOf\":{\"@id\":\"https:\/\/ffroller-skateboard.fr\/guyane\/#website\"},\"primaryImageOfPage\":{\"@id\":\"https:\/\/ffroller-skateboard.fr\/guyane\/remire-montjoly-3\/#primaryimage\"},\"image\":{\"@id\":\"https:\/\/ffroller-skateboard.fr\/guyane\/remire-montjoly-3\/#primaryimage\"},\"thumbnailUrl\":\"https:\/\/s.w.org\/images\/core\/emoji\/16.0.1\/svg\/1f4de.svg\",\"datePublished\":\"2025-06-17T11:54:04+00:00\",\"dateModified\":\"2025-08-14T13:13:35+00:00\",\"breadcrumb\":{\"@id\":\"https:\/\/ffroller-skateboard.fr\/guyane\/remire-montjoly-3\/#breadcrumb\"},\"inLanguage\":\"fr-FR\",\"potentialAction\":[{\"@type\":\"ReadAction\",\"target\":[\"https:\/\/ffroller-skateboard.fr\/guyane\/remire-montjoly-3\/\"]}]},{\"@type\":\"ImageObject\",\"inLanguage\":\"fr-FR\",\"@id\":\"https:\/\/ffroller-skateboard.fr\/guyane\/remire-montjoly-3\/#primaryimage\",\"url\":\"https:\/\/s.w.org\/images\/core\/emoji\/16.0.1\/svg\/1f4de.svg\",\"contentUrl\":\"https:\/\/s.w.org\/images\/core\/emoji\/16.0.1\/svg\/1f4de.svg\"},{\"@type\":\"BreadcrumbList\",\"@id\":\"https:\/\/ffroller-skateboard.fr\/guyane\/remire-montjoly-3\/#breadcrumb\",\"itemListElement\":[{\"@type\":\"ListItem\",\"position\":1,\"name\":\"Accueil\",\"item\":\"https:\/\/ffroller-skateboard.fr\/guyane\/\"},{\"@type\":\"ListItem\",\"position\":2,\"name\":\"R\u00e9mire-Montjoly\"}]},{\"@type\":\"WebSite\",\"@id\":\"https:\/\/ffroller-skateboard.fr\/guyane\/#website\",\"url\":\"https:\/\/ffroller-skateboard.fr\/guyane\/\",\"name\":\"Ligue Roller et Skateboard Guyane\",\"description\":\"Un site utilisant Les sites de F\u00e9d\u00e9ration Fran\u00e7aise de Roller &amp; Skateboard\",\"publisher\":{\"@id\":\"https:\/\/ffroller-skateboard.fr\/guyane\/#organization\"},\"potentialAction\":[{\"@type\":\"SearchAction\",\"target\":{\"@type\":\"EntryPoint\",\"urlTemplate\":\"https:\/\/ffroller-skateboard.fr\/guyane\/?s={search_term_string}\"},\"query-input\":{\"@type\":\"PropertyValueSpecification\",\"valueRequired\":true,\"valueName\":\"search_term_string\"}}],\"inLanguage\":\"fr-FR\"},{\"@type\":\"Organization\",\"@id\":\"https:\/\/ffroller-skateboard.fr\/guyane\/#organization\",\"name\":\"Ligue Roller et Skateboard Guyane\",\"url\":\"https:\/\/ffroller-skateboard.fr\/guyane\/\",\"logo\":{\"@type\":\"ImageObject\",\"inLanguage\":\"fr-FR\",\"@id\":\"https:\/\/ffroller-skateboard.fr\/guyane\/#\/schema\/logo\/image\/\",\"url\":\"https:\/\/ffroller-skateboard.fr\/guyane\/wp-content\/uploads\/sites\/2\/2022\/09\/cropped-cropped-FFRoller_logo_Departement_Horizontal_Guyane_v2.png\",\"contentUrl\":\"https:\/\/ffroller-skateboard.fr\/guyane\/wp-content\/uploads\/sites\/2\/2022\/09\/cropped-cropped-FFRoller_logo_Departement_Horizontal_Guyane_v2.png\",\"width\":409,\"height\":148,\"caption\":\"Ligue Roller et Skateboard Guyane\"},\"image\":{\"@id\":\"https:\/\/ffroller-skateboard.fr\/guyane\/#\/schema\/logo\/image\/\"},\"sameAs\":[\"http:\/\/www.facebook.com\/pages\/GLISSE-URBAINE-973\/207079225982626\",\"https:\/\/x.com\/Rollersports973\",\"https:\/\/www.youtube.com\/channel\/UCGp6CUElp1RGqIB4LS13DcQ\",\"https:\/\/www.instagram.com\/glisse_urbaine_973\/?fbclid=IwAR27SZISk8Q9ePT-gAC4s6aephMzEkj3mmd4iywW2x1Obudl1YwnZOL0Xjk\"]}]}<\/script>\n<!-- \/ Yoast SEO plugin. -->","yoast_head_json":{"title":"R\u00e9mire-Montjoly - Ligue Roller et Skateboard Guyane","robots":{"index":"index","follow":"follow","max-snippet":"max-snippet:-1","max-image-preview":"max-image-preview:large","max-video-preview":"max-video-preview:-1"},"canonical":"https:\/\/ffroller-skateboard.fr\/guyane\/remire-montjoly-3\/","og_locale":"fr_FR","og_type":"article","og_title":"R\u00e9mire-Montjoly - Ligue Roller et Skateboard Guyane","og_description":"LES VACANCES EN ROLLER \u00c0 R\u00c9MIRE &#8211; MONTJOLY Pendant les vacances d\u2019\u00e9t\u00e9 et de Toussaint, des stages sont propos\u00e9s aux jeunes de 11 \u00e0 18 ans dU quartier&nbsp;Arc-en-ciel.Ces ateliers permettent de d\u00e9couvrir plusieurs disciplines du roller. Une autorisation parentale est obligatoire pour participer. &nbsp; &nbsp;Plus d\u2019informations&nbsp;: Appelez le 06 94 92 83 38 Ou envoyez [&hellip;]","og_url":"https:\/\/ffroller-skateboard.fr\/guyane\/remire-montjoly-3\/","og_site_name":"Ligue Roller et Skateboard Guyane","article_publisher":"http:\/\/www.facebook.com\/pages\/GLISSE-URBAINE-973\/207079225982626","article_modified_time":"2025-08-14T13:13:35+00:00","og_image":[{"url":"https:\/\/s.w.org\/images\/core\/emoji\/16.0.1\/svg\/1f4de.svg","type":"","width":"","height":""}],"twitter_card":"summary_large_image","twitter_site":"@Rollersports973","twitter_misc":{"Dur\u00e9e de lecture estim\u00e9e":"1 minute"},"schema":{"@context":"https:\/\/schema.org","@graph":[{"@type":"WebPage","@id":"https:\/\/ffroller-skateboard.fr\/guyane\/remire-montjoly-3\/","url":"https:\/\/ffroller-skateboard.fr\/guyane\/remire-montjoly-3\/","name":"R\u00e9mire-Montjoly - Ligue Roller et Skateboard Guyane","isPartOf":{"@id":"https:\/\/ffroller-skateboard.fr\/guyane\/#website"},"primaryImageOfPage":{"@id":"https:\/\/ffroller-skateboard.fr\/guyane\/remire-montjoly-3\/#primaryimage"},"image":{"@id":"https:\/\/ffroller-skateboard.fr\/guyane\/remire-montjoly-3\/#primaryimage"},"thumbnailUrl":"https:\/\/s.w.org\/images\/core\/emoji\/16.0.1\/svg\/1f4de.svg","datePublished":"2025-06-17T11:54:04+00:00","dateModified":"2025-08-14T13:13:35+00:00","breadcrumb":{"@id":"https:\/\/ffroller-skateboard.fr\/guyane\/remire-montjoly-3\/#breadcrumb"},"inLanguage":"fr-FR","potentialAction":[{"@type":"ReadAction","target":["https:\/\/ffroller-skateboard.fr\/guyane\/remire-montjoly-3\/"]}]},{"@type":"ImageObject","inLanguage":"fr-FR","@id":"https:\/\/ffroller-skateboard.fr\/guyane\/remire-montjoly-3\/#primaryimage","url":"https:\/\/s.w.org\/images\/core\/emoji\/16.0.1\/svg\/1f4de.svg","contentUrl":"https:\/\/s.w.org\/images\/core\/emoji\/16.0.1\/svg\/1f4de.svg"},{"@type":"BreadcrumbList","@id":"https:\/\/ffroller-skateboard.fr\/guyane\/remire-montjoly-3\/#breadcrumb","itemListElement":[{"@type":"ListItem","position":1,"name":"Accueil","item":"https:\/\/ffroller-skateboard.fr\/guyane\/"},{"@type":"ListItem","position":2,"name":"R\u00e9mire-Montjoly"}]},{"@type":"WebSite","@id":"https:\/\/ffroller-skateboard.fr\/guyane\/#website","url":"https:\/\/ffroller-skateboard.fr\/guyane\/","name":"Ligue Roller et Skateboard Guyane","description":"Un site utilisant Les sites de F\u00e9d\u00e9ration Fran\u00e7aise de Roller &amp; Skateboard","publisher":{"@id":"https:\/\/ffroller-skateboard.fr\/guyane\/#organization"},"potentialAction":[{"@type":"SearchAction","target":{"@type":"EntryPoint","urlTemplate":"https:\/\/ffroller-skateboard.fr\/guyane\/?s={search_term_string}"},"query-input":{"@type":"PropertyValueSpecification","valueRequired":true,"valueName":"search_term_string"}}],"inLanguage":"fr-FR"},{"@type":"Organization","@id":"https:\/\/ffroller-skateboard.fr\/guyane\/#organization","name":"Ligue Roller et Skateboard Guyane","url":"https:\/\/ffroller-skateboard.fr\/guyane\/","logo":{"@type":"ImageObject","inLanguage":"fr-FR","@id":"https:\/\/ffroller-skateboard.fr\/guyane\/#\/schema\/logo\/image\/","url":"https:\/\/ffroller-skateboard.fr\/guyane\/wp-content\/uploads\/sites\/2\/2022\/09\/cropped-cropped-FFRoller_logo_Departement_Horizontal_Guyane_v2.png","contentUrl":"https:\/\/ffroller-skateboard.fr\/guyane\/wp-content\/uploads\/sites\/2\/2022\/09\/cropped-cropped-FFRoller_logo_Departement_Horizontal_Guyane_v2.png","width":409,"height":148,"caption":"Ligue Roller et Skateboard Guyane"},"image":{"@id":"https:\/\/ffroller-skateboard.fr\/guyane\/#\/schema\/logo\/image\/"},"sameAs":["http:\/\/www.facebook.com\/pages\/GLISSE-URBAINE-973\/207079225982626","https:\/\/x.com\/Rollersports973","https:\/\/www.youtube.com\/channel\/UCGp6CUElp1RGqIB4LS13DcQ","https:\/\/www.instagram.com\/glisse_urbaine_973\/?fbclid=IwAR27SZISk8Q9ePT-gAC4s6aephMzEkj3mmd4iywW2x1Obudl1YwnZOL0Xjk"]}]}},"_links":{"self":[{"href":"https:\/\/ffroller-skateboard.fr\/guyane\/wp-json\/wp\/v2\/pages\/4151","targetHints":{"allow":["GET"]}}],"collection":[{"href":"https:\/\/ffroller-skateboard.fr\/guyane\/wp-json\/wp\/v2\/pages"}],"about":[{"href":"https:\/\/ffroller-skateboard.fr\/guyane\/wp-json\/wp\/v2\/types\/page"}],"author":[{"embeddable":true,"href":"https:\/\/ffroller-skateboard.fr\/guyane\/wp-json\/wp\/v2\/users\/79"}],"replies":[{"embeddable":true,"href":"https:\/\/ffroller-skateboard.fr\/guyane\/wp-json\/wp\/v2\/comments?post=4151"}],"version-history":[{"count":3,"href":"https:\/\/ffroller-skateboard.fr\/guyane\/wp-json\/wp\/v2\/pages\/4151\/revisions"}],"predecessor-version":[{"id":5070,"href":"https:\/\/ffroller-skateboard.fr\/guyane\/wp-json\/wp\/v2\/pages\/4151\/revisions\/5070"}],"wp:attachment":[{"href":"https:\/\/ffroller-skateboard.fr\/guyane\/wp-json\/wp\/v2\/media?parent=4151"}],"curies":[{"name":"wp","href":"https:\/\/api.w.org\/{rel}","templated":true}]}}