{"id":4156,"date":"2025-06-17T13:54:06","date_gmt":"2025-06-17T11:54:06","guid":{"rendered":"https:\/\/ffroller-skateboard.fr\/guyane\/matoury-2\/"},"modified":"2025-06-17T13:56:22","modified_gmt":"2025-06-17T11:56:22","slug":"matoury-2","status":"publish","type":"page","link":"https:\/\/ffroller-skateboard.fr\/guyane\/matoury-2\/","title":{"rendered":"Matoury"},"content":{"rendered":"\t\t<div data-elementor-type=\"wp-page\" data-elementor-id=\"4156\" class=\"elementor elementor-4156\" data-elementor-post-type=\"page\">\n\t\t\t\t<div class=\"elementor-element elementor-element-745143de e-con-full e-flex e-con e-parent\" data-id=\"745143de\" data-element_type=\"container\" data-e-type=\"container\" data-settings=\"{&quot;background_background&quot;:&quot;classic&quot;}\">\n\t\t\t\t<div class=\"elementor-element elementor-element-79e5c0c6 elementor-widget elementor-widget-heading\" data-id=\"79e5c0c6\" data-element_type=\"widget\" data-e-type=\"widget\" data-widget_type=\"heading.default\">\n\t\t\t\t<div class=\"elementor-widget-container\">\n\t\t\t\t\t<h2 class=\"elementor-heading-title elementor-size-default\">LES VACANCES EN ROLLER \u00c0 MATOURY<\/h2>\t\t\t\t<\/div>\n\t\t\t\t<\/div>\n\t\t<div class=\"elementor-element elementor-element-1be90f2a e-flex e-con-boxed e-con e-child\" data-id=\"1be90f2a\" data-element_type=\"container\" data-e-type=\"container\">\n\t\t\t\t\t<div class=\"e-con-inner\">\n\t\t\t\t<div class=\"elementor-element elementor-element-2b512f65 elementor-widget elementor-widget-text-editor\" data-id=\"2b512f65\" data-element_type=\"widget\" data-e-type=\"widget\" data-widget_type=\"text-editor.default\">\n\t\t\t\t<div class=\"elementor-widget-container\">\n\t\t\t\t\t\t\t\t\t<p>Un stage de <strong data-start=\"116\" data-end=\"127\">5 jours<\/strong> destin\u00e9 aux jeunes de <strong data-start=\"150\" data-end=\"165\">11 \u00e0 18 ans<\/strong>, r\u00e9sidant dans les quartiers de <strong data-start=\"198\" data-end=\"208\">Balata<\/strong>, <strong data-start=\"210\" data-end=\"221\">Larivot<\/strong> et <strong data-start=\"225\" data-end=\"246\">Cogneau Lamirande<\/strong>.&nbsp;&nbsp;<\/p>\n<p>Au programme : initiation et perfectionnement en roller, avec une <strong data-start=\"316\" data-end=\"358\" data-is-only-node=\"\">sortie au Skatepark de Mirza \u00e0 Cayenne<\/strong> !<strong style=\"letter-spacing: 0px\">&nbsp;<\/strong><\/p>\n<p>\ud83d\udcde <strong data-start=\"539\" data-end=\"562\">Plus d\u2019informations<\/strong> :<br data-start=\"564\" data-end=\"567\">Appelez le <strong data-start=\"578\" data-end=\"596\">06 94 92 83 38<\/strong><br data-start=\"596\" data-end=\"599\">\ud83d\udcf1 Ou envoyez un message WhatsApp au <strong data-start=\"636\" data-end=\"654\">06 94 24 69 21<\/strong><\/p>\t\t\t\t\t\t\t\t<\/div>\n\t\t\t\t<\/div>\n\t\t\t\t\t<\/div>\n\t\t\t\t<\/div>\n\t\t\t\t<\/div>\n\t\t<div class=\"elementor-element elementor-element-6d4b19fb e-flex e-con-boxed e-con e-parent\" data-id=\"6d4b19fb\" data-element_type=\"container\" data-e-type=\"container\">\n\t\t\t\t\t<div class=\"e-con-inner\">\n\t\t\t\t<div class=\"elementor-element elementor-element-1761d090 elementor-widget elementor-widget-spacer\" data-id=\"1761d090\" data-element_type=\"widget\" data-e-type=\"widget\" data-widget_type=\"spacer.default\">\n\t\t\t\t<div class=\"elementor-widget-container\">\n\t\t\t\t\t\t\t<div class=\"elementor-spacer\">\n\t\t\t<div class=\"elementor-spacer-inner\"><\/div>\n\t\t<\/div>\n\t\t\t\t\t\t<\/div>\n\t\t\t\t<\/div>\n\t\t\t\t\t<\/div>\n\t\t\t\t<\/div>\n\t\t<div class=\"elementor-element elementor-element-68453081 e-con-full e-flex e-con e-parent\" data-id=\"68453081\" data-element_type=\"container\" data-e-type=\"container\">\n\t\t\t\t<div class=\"elementor-element elementor-element-3674b792 elementor-widget elementor-widget-image\" data-id=\"3674b792\" data-element_type=\"widget\" data-e-type=\"widget\" data-widget_type=\"image.default\">\n\t\t\t\t<div class=\"elementor-widget-container\">\n\t\t\t\t\t\t\t\t\t\t\t\t\t\t\t<img fetchpriority=\"high\" decoding=\"async\" width=\"724\" height=\"1024\" src=\"https:\/\/ffroller-skateboard.fr\/guyane\/wp-content\/uploads\/sites\/2\/2025\/06\/AFFICHE-VVV-MAT-ete-2024-1086x1536-1-724x1024.webp\" class=\"attachment-large size-large wp-image-4153\" alt=\"\" srcset=\"https:\/\/ffroller-skateboard.fr\/guyane\/wp-content\/uploads\/sites\/2\/2025\/06\/AFFICHE-VVV-MAT-ete-2024-1086x1536-1-724x1024.webp 724w, https:\/\/ffroller-skateboard.fr\/guyane\/wp-content\/uploads\/sites\/2\/2025\/06\/AFFICHE-VVV-MAT-ete-2024-1086x1536-1-212x300.webp 212w, https:\/\/ffroller-skateboard.fr\/guyane\/wp-content\/uploads\/sites\/2\/2025\/06\/AFFICHE-VVV-MAT-ete-2024-1086x1536-1-768x1086.webp 768w, https:\/\/ffroller-skateboard.fr\/guyane\/wp-content\/uploads\/sites\/2\/2025\/06\/AFFICHE-VVV-MAT-ete-2024-1086x1536-1.webp 1086w\" sizes=\"(max-width: 724px) 100vw, 724px\" \/>\t\t\t\t\t\t\t\t\t\t\t\t\t\t\t<\/div>\n\t\t\t\t<\/div>\n\t\t\t\t<\/div>\n\t\t\t\t<\/div>\n\t\t","protected":false},"excerpt":{"rendered":"<p>LES VACANCES EN ROLLER \u00c0 MATOURY Un stage de 5 jours destin\u00e9 aux jeunes de 11 \u00e0 18 ans, r\u00e9sidant dans les quartiers de Balata, Larivot et Cogneau Lamirande.&nbsp;&nbsp; Au programme : initiation et perfectionnement en roller, avec une sortie au Skatepark de Mirza \u00e0 Cayenne !&nbsp; \ud83d\udcde Plus d\u2019informations :Appelez le 06 94 92 [&hellip;]<\/p>\n","protected":false},"author":79,"featured_media":0,"parent":0,"menu_order":0,"comment_status":"closed","ping_status":"closed","template":"","meta":{"_acf_changed":false,"footnotes":""},"class_list":["post-4156","page","type-page","status-publish","hentry"],"acf":[],"yoast_head":"<!-- This site is optimized with the Yoast SEO plugin v27.2 - https:\/\/yoast.com\/product\/yoast-seo-wordpress\/ -->\n<title>Matoury - Ligue Roller et Skateboard Guyane<\/title>\n<meta name=\"robots\" content=\"index, follow, max-snippet:-1, max-image-preview:large, max-video-preview:-1\" \/>\n<link rel=\"canonical\" href=\"https:\/\/ffroller-skateboard.fr\/guyane\/matoury-2\/\" \/>\n<meta property=\"og:locale\" content=\"fr_FR\" \/>\n<meta property=\"og:type\" content=\"article\" \/>\n<meta property=\"og:title\" content=\"Matoury - Ligue Roller et Skateboard Guyane\" \/>\n<meta property=\"og:description\" content=\"LES VACANCES EN ROLLER \u00c0 MATOURY Un stage de 5 jours destin\u00e9 aux jeunes de 11 \u00e0 18 ans, r\u00e9sidant dans les quartiers de Balata, Larivot et Cogneau Lamirande.&nbsp;&nbsp; Au programme : initiation et perfectionnement en roller, avec une sortie au Skatepark de Mirza \u00e0 Cayenne !&nbsp; \ud83d\udcde Plus d\u2019informations :Appelez le 06 94 92 [&hellip;]\" \/>\n<meta property=\"og:url\" content=\"https:\/\/ffroller-skateboard.fr\/guyane\/matoury-2\/\" \/>\n<meta property=\"og:site_name\" content=\"Ligue Roller et Skateboard Guyane\" \/>\n<meta property=\"article:publisher\" content=\"http:\/\/www.facebook.com\/pages\/GLISSE-URBAINE-973\/207079225982626\" \/>\n<meta property=\"article:modified_time\" content=\"2025-06-17T11:56:22+00:00\" \/>\n<meta property=\"og:image\" content=\"https:\/\/ffroller-skateboard.fr\/guyane\/wp-content\/uploads\/sites\/2\/2025\/06\/AFFICHE-VVV-MAT-ete-2024-1086x1536-1.webp\" \/>\n\t<meta property=\"og:image:width\" content=\"1086\" \/>\n\t<meta property=\"og:image:height\" content=\"1536\" \/>\n\t<meta property=\"og:image:type\" content=\"image\/webp\" \/>\n<meta name=\"twitter:card\" content=\"summary_large_image\" \/>\n<meta name=\"twitter:site\" content=\"@Rollersports973\" \/>\n<script type=\"application\/ld+json\" class=\"yoast-schema-graph\">{\"@context\":\"https:\/\/schema.org\",\"@graph\":[{\"@type\":\"WebPage\",\"@id\":\"https:\/\/ffroller-skateboard.fr\/guyane\/matoury-2\/\",\"url\":\"https:\/\/ffroller-skateboard.fr\/guyane\/matoury-2\/\",\"name\":\"Matoury - Ligue Roller et Skateboard Guyane\",\"isPartOf\":{\"@id\":\"https:\/\/ffroller-skateboard.fr\/guyane\/#website\"},\"primaryImageOfPage\":{\"@id\":\"https:\/\/ffroller-skateboard.fr\/guyane\/matoury-2\/#primaryimage\"},\"image\":{\"@id\":\"https:\/\/ffroller-skateboard.fr\/guyane\/matoury-2\/#primaryimage\"},\"thumbnailUrl\":\"https:\/\/ffroller-skateboard.fr\/guyane\/wp-content\/uploads\/sites\/2\/2025\/06\/AFFICHE-VVV-MAT-ete-2024-1086x1536-1-724x1024.webp\",\"datePublished\":\"2025-06-17T11:54:06+00:00\",\"dateModified\":\"2025-06-17T11:56:22+00:00\",\"breadcrumb\":{\"@id\":\"https:\/\/ffroller-skateboard.fr\/guyane\/matoury-2\/#breadcrumb\"},\"inLanguage\":\"fr-FR\",\"potentialAction\":[{\"@type\":\"ReadAction\",\"target\":[\"https:\/\/ffroller-skateboard.fr\/guyane\/matoury-2\/\"]}]},{\"@type\":\"ImageObject\",\"inLanguage\":\"fr-FR\",\"@id\":\"https:\/\/ffroller-skateboard.fr\/guyane\/matoury-2\/#primaryimage\",\"url\":\"https:\/\/ffroller-skateboard.fr\/guyane\/wp-content\/uploads\/sites\/2\/2025\/06\/AFFICHE-VVV-MAT-ete-2024-1086x1536-1.webp\",\"contentUrl\":\"https:\/\/ffroller-skateboard.fr\/guyane\/wp-content\/uploads\/sites\/2\/2025\/06\/AFFICHE-VVV-MAT-ete-2024-1086x1536-1.webp\",\"width\":1086,\"height\":1536},{\"@type\":\"BreadcrumbList\",\"@id\":\"https:\/\/ffroller-skateboard.fr\/guyane\/matoury-2\/#breadcrumb\",\"itemListElement\":[{\"@type\":\"ListItem\",\"position\":1,\"name\":\"Accueil\",\"item\":\"https:\/\/ffroller-skateboard.fr\/guyane\/\"},{\"@type\":\"ListItem\",\"position\":2,\"name\":\"Matoury\"}]},{\"@type\":\"WebSite\",\"@id\":\"https:\/\/ffroller-skateboard.fr\/guyane\/#website\",\"url\":\"https:\/\/ffroller-skateboard.fr\/guyane\/\",\"name\":\"Ligue Roller et Skateboard Guyane\",\"description\":\"Un site utilisant Les sites de F\u00e9d\u00e9ration Fran\u00e7aise de Roller &amp; Skateboard\",\"publisher\":{\"@id\":\"https:\/\/ffroller-skateboard.fr\/guyane\/#organization\"},\"potentialAction\":[{\"@type\":\"SearchAction\",\"target\":{\"@type\":\"EntryPoint\",\"urlTemplate\":\"https:\/\/ffroller-skateboard.fr\/guyane\/?s={search_term_string}\"},\"query-input\":{\"@type\":\"PropertyValueSpecification\",\"valueRequired\":true,\"valueName\":\"search_term_string\"}}],\"inLanguage\":\"fr-FR\"},{\"@type\":\"Organization\",\"@id\":\"https:\/\/ffroller-skateboard.fr\/guyane\/#organization\",\"name\":\"Ligue Roller et Skateboard Guyane\",\"url\":\"https:\/\/ffroller-skateboard.fr\/guyane\/\",\"logo\":{\"@type\":\"ImageObject\",\"inLanguage\":\"fr-FR\",\"@id\":\"https:\/\/ffroller-skateboard.fr\/guyane\/#\/schema\/logo\/image\/\",\"url\":\"https:\/\/ffroller-skateboard.fr\/guyane\/wp-content\/uploads\/sites\/2\/2022\/09\/cropped-cropped-FFRoller_logo_Departement_Horizontal_Guyane_v2.png\",\"contentUrl\":\"https:\/\/ffroller-skateboard.fr\/guyane\/wp-content\/uploads\/sites\/2\/2022\/09\/cropped-cropped-FFRoller_logo_Departement_Horizontal_Guyane_v2.png\",\"width\":409,\"height\":148,\"caption\":\"Ligue Roller et Skateboard Guyane\"},\"image\":{\"@id\":\"https:\/\/ffroller-skateboard.fr\/guyane\/#\/schema\/logo\/image\/\"},\"sameAs\":[\"http:\/\/www.facebook.com\/pages\/GLISSE-URBAINE-973\/207079225982626\",\"https:\/\/x.com\/Rollersports973\",\"https:\/\/www.youtube.com\/channel\/UCGp6CUElp1RGqIB4LS13DcQ\",\"https:\/\/www.instagram.com\/glisse_urbaine_973\/?fbclid=IwAR27SZISk8Q9ePT-gAC4s6aephMzEkj3mmd4iywW2x1Obudl1YwnZOL0Xjk\"]}]}<\/script>\n<!-- \/ Yoast SEO plugin. -->","yoast_head_json":{"title":"Matoury - Ligue Roller et Skateboard Guyane","robots":{"index":"index","follow":"follow","max-snippet":"max-snippet:-1","max-image-preview":"max-image-preview:large","max-video-preview":"max-video-preview:-1"},"canonical":"https:\/\/ffroller-skateboard.fr\/guyane\/matoury-2\/","og_locale":"fr_FR","og_type":"article","og_title":"Matoury - Ligue Roller et Skateboard Guyane","og_description":"LES VACANCES EN ROLLER \u00c0 MATOURY Un stage de 5 jours destin\u00e9 aux jeunes de 11 \u00e0 18 ans, r\u00e9sidant dans les quartiers de Balata, Larivot et Cogneau Lamirande.&nbsp;&nbsp; Au programme : initiation et perfectionnement en roller, avec une sortie au Skatepark de Mirza \u00e0 Cayenne !&nbsp; \ud83d\udcde Plus d\u2019informations :Appelez le 06 94 92 [&hellip;]","og_url":"https:\/\/ffroller-skateboard.fr\/guyane\/matoury-2\/","og_site_name":"Ligue Roller et Skateboard Guyane","article_publisher":"http:\/\/www.facebook.com\/pages\/GLISSE-URBAINE-973\/207079225982626","article_modified_time":"2025-06-17T11:56:22+00:00","og_image":[{"width":1086,"height":1536,"url":"https:\/\/ffroller-skateboard.fr\/guyane\/wp-content\/uploads\/sites\/2\/2025\/06\/AFFICHE-VVV-MAT-ete-2024-1086x1536-1.webp","type":"image\/webp"}],"twitter_card":"summary_large_image","twitter_site":"@Rollersports973","schema":{"@context":"https:\/\/schema.org","@graph":[{"@type":"WebPage","@id":"https:\/\/ffroller-skateboard.fr\/guyane\/matoury-2\/","url":"https:\/\/ffroller-skateboard.fr\/guyane\/matoury-2\/","name":"Matoury - Ligue Roller et Skateboard Guyane","isPartOf":{"@id":"https:\/\/ffroller-skateboard.fr\/guyane\/#website"},"primaryImageOfPage":{"@id":"https:\/\/ffroller-skateboard.fr\/guyane\/matoury-2\/#primaryimage"},"image":{"@id":"https:\/\/ffroller-skateboard.fr\/guyane\/matoury-2\/#primaryimage"},"thumbnailUrl":"https:\/\/ffroller-skateboard.fr\/guyane\/wp-content\/uploads\/sites\/2\/2025\/06\/AFFICHE-VVV-MAT-ete-2024-1086x1536-1-724x1024.webp","datePublished":"2025-06-17T11:54:06+00:00","dateModified":"2025-06-17T11:56:22+00:00","breadcrumb":{"@id":"https:\/\/ffroller-skateboard.fr\/guyane\/matoury-2\/#breadcrumb"},"inLanguage":"fr-FR","potentialAction":[{"@type":"ReadAction","target":["https:\/\/ffroller-skateboard.fr\/guyane\/matoury-2\/"]}]},{"@type":"ImageObject","inLanguage":"fr-FR","@id":"https:\/\/ffroller-skateboard.fr\/guyane\/matoury-2\/#primaryimage","url":"https:\/\/ffroller-skateboard.fr\/guyane\/wp-content\/uploads\/sites\/2\/2025\/06\/AFFICHE-VVV-MAT-ete-2024-1086x1536-1.webp","contentUrl":"https:\/\/ffroller-skateboard.fr\/guyane\/wp-content\/uploads\/sites\/2\/2025\/06\/AFFICHE-VVV-MAT-ete-2024-1086x1536-1.webp","width":1086,"height":1536},{"@type":"BreadcrumbList","@id":"https:\/\/ffroller-skateboard.fr\/guyane\/matoury-2\/#breadcrumb","itemListElement":[{"@type":"ListItem","position":1,"name":"Accueil","item":"https:\/\/ffroller-skateboard.fr\/guyane\/"},{"@type":"ListItem","position":2,"name":"Matoury"}]},{"@type":"WebSite","@id":"https:\/\/ffroller-skateboard.fr\/guyane\/#website","url":"https:\/\/ffroller-skateboard.fr\/guyane\/","name":"Ligue Roller et Skateboard Guyane","description":"Un site utilisant Les sites de F\u00e9d\u00e9ration Fran\u00e7aise de Roller &amp; Skateboard","publisher":{"@id":"https:\/\/ffroller-skateboard.fr\/guyane\/#organization"},"potentialAction":[{"@type":"SearchAction","target":{"@type":"EntryPoint","urlTemplate":"https:\/\/ffroller-skateboard.fr\/guyane\/?s={search_term_string}"},"query-input":{"@type":"PropertyValueSpecification","valueRequired":true,"valueName":"search_term_string"}}],"inLanguage":"fr-FR"},{"@type":"Organization","@id":"https:\/\/ffroller-skateboard.fr\/guyane\/#organization","name":"Ligue Roller et Skateboard Guyane","url":"https:\/\/ffroller-skateboard.fr\/guyane\/","logo":{"@type":"ImageObject","inLanguage":"fr-FR","@id":"https:\/\/ffroller-skateboard.fr\/guyane\/#\/schema\/logo\/image\/","url":"https:\/\/ffroller-skateboard.fr\/guyane\/wp-content\/uploads\/sites\/2\/2022\/09\/cropped-cropped-FFRoller_logo_Departement_Horizontal_Guyane_v2.png","contentUrl":"https:\/\/ffroller-skateboard.fr\/guyane\/wp-content\/uploads\/sites\/2\/2022\/09\/cropped-cropped-FFRoller_logo_Departement_Horizontal_Guyane_v2.png","width":409,"height":148,"caption":"Ligue Roller et Skateboard Guyane"},"image":{"@id":"https:\/\/ffroller-skateboard.fr\/guyane\/#\/schema\/logo\/image\/"},"sameAs":["http:\/\/www.facebook.com\/pages\/GLISSE-URBAINE-973\/207079225982626","https:\/\/x.com\/Rollersports973","https:\/\/www.youtube.com\/channel\/UCGp6CUElp1RGqIB4LS13DcQ","https:\/\/www.instagram.com\/glisse_urbaine_973\/?fbclid=IwAR27SZISk8Q9ePT-gAC4s6aephMzEkj3mmd4iywW2x1Obudl1YwnZOL0Xjk"]}]}},"_links":{"self":[{"href":"https:\/\/ffroller-skateboard.fr\/guyane\/wp-json\/wp\/v2\/pages\/4156","targetHints":{"allow":["GET"]}}],"collection":[{"href":"https:\/\/ffroller-skateboard.fr\/guyane\/wp-json\/wp\/v2\/pages"}],"about":[{"href":"https:\/\/ffroller-skateboard.fr\/guyane\/wp-json\/wp\/v2\/types\/page"}],"author":[{"embeddable":true,"href":"https:\/\/ffroller-skateboard.fr\/guyane\/wp-json\/wp\/v2\/users\/79"}],"replies":[{"embeddable":true,"href":"https:\/\/ffroller-skateboard.fr\/guyane\/wp-json\/wp\/v2\/comments?post=4156"}],"version-history":[{"count":4,"href":"https:\/\/ffroller-skateboard.fr\/guyane\/wp-json\/wp\/v2\/pages\/4156\/revisions"}],"predecessor-version":[{"id":5078,"href":"https:\/\/ffroller-skateboard.fr\/guyane\/wp-json\/wp\/v2\/pages\/4156\/revisions\/5078"}],"wp:attachment":[{"href":"https:\/\/ffroller-skateboard.fr\/guyane\/wp-json\/wp\/v2\/media?parent=4156"}],"curies":[{"name":"wp","href":"https:\/\/api.w.org\/{rel}","templated":true}]}}