{"id":4174,"date":"2025-06-17T13:54:13","date_gmt":"2025-06-17T11:54:13","guid":{"rendered":"https:\/\/ffroller-skateboard.fr\/guyane\/cayenne-2\/"},"modified":"2025-08-14T15:09:29","modified_gmt":"2025-08-14T13:09:29","slug":"cayenne-2","status":"publish","type":"page","link":"https:\/\/ffroller-skateboard.fr\/guyane\/cayenne-2\/","title":{"rendered":"Cayenne"},"content":{"rendered":"\t\t<div data-elementor-type=\"wp-page\" data-elementor-id=\"4174\" class=\"elementor elementor-4174\" data-elementor-post-type=\"page\">\n\t\t\t\t<div class=\"elementor-element elementor-element-71ec6822 e-con-full e-flex e-con e-parent\" data-id=\"71ec6822\" data-element_type=\"container\" data-e-type=\"container\" data-settings=\"{&quot;background_background&quot;:&quot;classic&quot;}\">\n\t\t\t\t<div class=\"elementor-element elementor-element-31801f8c elementor-widget elementor-widget-heading\" data-id=\"31801f8c\" data-element_type=\"widget\" data-e-type=\"widget\" data-widget_type=\"heading.default\">\n\t\t\t\t<div class=\"elementor-widget-container\">\n\t\t\t\t\t<h2 class=\"elementor-heading-title elementor-size-default\">LES VACANCES EN ROLLER \u00c0 CAYENNE<\/h2>\t\t\t\t<\/div>\n\t\t\t\t<\/div>\n\t\t<div class=\"elementor-element elementor-element-7c1d683f e-flex e-con-boxed e-con e-child\" data-id=\"7c1d683f\" data-element_type=\"container\" data-e-type=\"container\">\n\t\t\t\t\t<div class=\"e-con-inner\">\n\t\t\t\t<div class=\"elementor-element elementor-element-2608b97 elementor-widget elementor-widget-text-editor\" data-id=\"2608b97\" data-element_type=\"widget\" data-e-type=\"widget\" data-widget_type=\"text-editor.default\">\n\t\t\t\t<div class=\"elementor-widget-container\">\n\t\t\t\t\t\t\t\t\t<p>\u00e0Pendant les vacances scolaires, nous accueillons les jeunes de 6 \u00e0 17 ans pour qu\u2019ils puissent pratiquer sous la surveillance d\u2019une \u00e9quipe d\u2019animateurs et d\u2019agents.<\/p>\n<p data-start=\"147\" data-end=\"274\">Participe \u00e0 des sessions d\u20191h30, propos\u00e9es <strong data-start=\"190\" data-end=\"213\">trois fois par jour<\/strong> : 15h00 \u2013 16h30 \/ 17h00 \u2013 18h30 \/ 18h30 \u2013 20h00<\/p>\n<p data-start=\"147\" data-end=\"274\"><span style=\"letter-spacing: 0px\">Activit\u00e9 <\/span><strong style=\"letter-spacing: 0px\" data-start=\"288\" data-end=\"300\">gratuite<\/strong><span style=\"letter-spacing: 0px\"> pour les r\u00e9sidents des quartiers en politique de la Ville de Cayenne (sur pr\u00e9sentation d\u2019un justificatif de domicile). Une autorisation parentale devra \u00eatre compl\u00e9t\u00e9e sur place.<\/span><\/p>\n<p data-start=\"147\" data-end=\"274\"><span style=\"letter-spacing: 0px\">&nbsp;<\/span><\/p>\n<p data-start=\"480\" data-end=\"596\"><img decoding=\"async\" role=\"img\" class=\"emoji\" alt=\"\ud83d\udcde\" src=\"https:\/\/s.w.org\/images\/core\/emoji\/16.0.1\/svg\/1f4de.svg\"> <strong data-start=\"483\" data-end=\"507\">Infos &amp; inscriptions<\/strong> :<br data-start=\"509\" data-end=\"512\">Appelez au <strong data-start=\"523\" data-end=\"541\">06 94 92 83 38<\/strong><br data-start=\"541\" data-end=\"544\">Ou envoyez un message WhatsApp au <strong data-start=\"578\" data-end=\"596\">06 94 24 69 21<\/strong><\/p>\t\t\t\t\t\t\t\t<\/div>\n\t\t\t\t<\/div>\n\t\t\t\t\t<\/div>\n\t\t\t\t<\/div>\n\t\t\t\t<\/div>\n\t\t<div class=\"elementor-element elementor-element-67cbb845 e-flex e-con-boxed e-con e-parent\" data-id=\"67cbb845\" data-element_type=\"container\" data-e-type=\"container\">\n\t\t\t\t\t<div class=\"e-con-inner\">\n\t\t\t\t<div class=\"elementor-element elementor-element-29f7f097 elementor-widget elementor-widget-spacer\" data-id=\"29f7f097\" data-element_type=\"widget\" data-e-type=\"widget\" data-widget_type=\"spacer.default\">\n\t\t\t\t<div class=\"elementor-widget-container\">\n\t\t\t\t\t\t\t<div class=\"elementor-spacer\">\n\t\t\t<div class=\"elementor-spacer-inner\"><\/div>\n\t\t<\/div>\n\t\t\t\t\t\t<\/div>\n\t\t\t\t<\/div>\n\t\t\t\t\t<\/div>\n\t\t\t\t<\/div>\n\t\t<div class=\"elementor-element elementor-element-2fdad1c1 e-con-full e-flex e-con e-parent\" data-id=\"2fdad1c1\" data-element_type=\"container\" data-e-type=\"container\">\n\t\t\t\t<div class=\"elementor-element elementor-element-1827f1a4 elementor-widget elementor-widget-image\" data-id=\"1827f1a4\" data-element_type=\"widget\" data-e-type=\"widget\" data-widget_type=\"image.default\">\n\t\t\t\t<div class=\"elementor-widget-container\">\n\t\t\t\t\t\t\t\t\t\t\t\t\t\t\t<img fetchpriority=\"high\" decoding=\"async\" width=\"724\" height=\"1024\" src=\"https:\/\/ffroller-skateboard.fr\/guyane\/wp-content\/uploads\/sites\/2\/2025\/08\/LES-VACANCES-EN-ROLLER-6-724x1024.png\" class=\"attachment-large size-large wp-image-5063\" alt=\"\" srcset=\"https:\/\/ffroller-skateboard.fr\/guyane\/wp-content\/uploads\/sites\/2\/2025\/08\/LES-VACANCES-EN-ROLLER-6-724x1024.png 724w, https:\/\/ffroller-skateboard.fr\/guyane\/wp-content\/uploads\/sites\/2\/2025\/08\/LES-VACANCES-EN-ROLLER-6-212x300.png 212w, https:\/\/ffroller-skateboard.fr\/guyane\/wp-content\/uploads\/sites\/2\/2025\/08\/LES-VACANCES-EN-ROLLER-6-768x1086.png 768w, https:\/\/ffroller-skateboard.fr\/guyane\/wp-content\/uploads\/sites\/2\/2025\/08\/LES-VACANCES-EN-ROLLER-6-1086x1536.png 1086w, https:\/\/ffroller-skateboard.fr\/guyane\/wp-content\/uploads\/sites\/2\/2025\/08\/LES-VACANCES-EN-ROLLER-6.png 1414w\" sizes=\"(max-width: 724px) 100vw, 724px\" \/>\t\t\t\t\t\t\t\t\t\t\t\t\t\t\t<\/div>\n\t\t\t\t<\/div>\n\t\t\t\t<\/div>\n\t\t\t\t<\/div>\n\t\t","protected":false},"excerpt":{"rendered":"<p>LES VACANCES EN ROLLER \u00c0 CAYENNE \u00e0Pendant les vacances scolaires, nous accueillons les jeunes de 6 \u00e0 17 ans pour qu\u2019ils puissent pratiquer sous la surveillance d\u2019une \u00e9quipe d\u2019animateurs et d\u2019agents. Participe \u00e0 des sessions d\u20191h30, propos\u00e9es trois fois par jour : 15h00 \u2013 16h30 \/ 17h00 \u2013 18h30 \/ 18h30 \u2013 20h00 Activit\u00e9 gratuite [&hellip;]<\/p>\n","protected":false},"author":79,"featured_media":0,"parent":0,"menu_order":0,"comment_status":"closed","ping_status":"closed","template":"","meta":{"_acf_changed":false,"footnotes":""},"class_list":["post-4174","page","type-page","status-publish","hentry"],"acf":[],"yoast_head":"<!-- This site is optimized with the Yoast SEO plugin v27.2 - https:\/\/yoast.com\/product\/yoast-seo-wordpress\/ -->\n<title>Cayenne - Ligue Roller et Skateboard Guyane<\/title>\n<meta name=\"robots\" content=\"index, follow, max-snippet:-1, max-image-preview:large, max-video-preview:-1\" \/>\n<link rel=\"canonical\" href=\"https:\/\/ffroller-skateboard.fr\/guyane\/cayenne-2\/\" \/>\n<meta property=\"og:locale\" content=\"fr_FR\" \/>\n<meta property=\"og:type\" content=\"article\" \/>\n<meta property=\"og:title\" content=\"Cayenne - Ligue Roller et Skateboard Guyane\" \/>\n<meta property=\"og:description\" content=\"LES VACANCES EN ROLLER \u00c0 CAYENNE \u00e0Pendant les vacances scolaires, nous accueillons les jeunes de 6 \u00e0 17 ans pour qu\u2019ils puissent pratiquer sous la surveillance d\u2019une \u00e9quipe d\u2019animateurs et d\u2019agents. Participe \u00e0 des sessions d\u20191h30, propos\u00e9es trois fois par jour : 15h00 \u2013 16h30 \/ 17h00 \u2013 18h30 \/ 18h30 \u2013 20h00 Activit\u00e9 gratuite [&hellip;]\" \/>\n<meta property=\"og:url\" content=\"https:\/\/ffroller-skateboard.fr\/guyane\/cayenne-2\/\" \/>\n<meta property=\"og:site_name\" content=\"Ligue Roller et Skateboard Guyane\" \/>\n<meta property=\"article:publisher\" content=\"http:\/\/www.facebook.com\/pages\/GLISSE-URBAINE-973\/207079225982626\" \/>\n<meta property=\"article:modified_time\" content=\"2025-08-14T13:09:29+00:00\" \/>\n<meta property=\"og:image\" content=\"https:\/\/s.w.org\/images\/core\/emoji\/16.0.1\/svg\/1f4de.svg\" \/>\n<meta name=\"twitter:card\" content=\"summary_large_image\" \/>\n<meta name=\"twitter:site\" content=\"@Rollersports973\" \/>\n<meta name=\"twitter:label1\" content=\"Dur\u00e9e de lecture estim\u00e9e\" \/>\n\t<meta name=\"twitter:data1\" content=\"1 minute\" \/>\n<script type=\"application\/ld+json\" class=\"yoast-schema-graph\">{\"@context\":\"https:\/\/schema.org\",\"@graph\":[{\"@type\":\"WebPage\",\"@id\":\"https:\/\/ffroller-skateboard.fr\/guyane\/cayenne-2\/\",\"url\":\"https:\/\/ffroller-skateboard.fr\/guyane\/cayenne-2\/\",\"name\":\"Cayenne - Ligue Roller et Skateboard Guyane\",\"isPartOf\":{\"@id\":\"https:\/\/ffroller-skateboard.fr\/guyane\/#website\"},\"primaryImageOfPage\":{\"@id\":\"https:\/\/ffroller-skateboard.fr\/guyane\/cayenne-2\/#primaryimage\"},\"image\":{\"@id\":\"https:\/\/ffroller-skateboard.fr\/guyane\/cayenne-2\/#primaryimage\"},\"thumbnailUrl\":\"https:\/\/s.w.org\/images\/core\/emoji\/16.0.1\/svg\/1f4de.svg\",\"datePublished\":\"2025-06-17T11:54:13+00:00\",\"dateModified\":\"2025-08-14T13:09:29+00:00\",\"breadcrumb\":{\"@id\":\"https:\/\/ffroller-skateboard.fr\/guyane\/cayenne-2\/#breadcrumb\"},\"inLanguage\":\"fr-FR\",\"potentialAction\":[{\"@type\":\"ReadAction\",\"target\":[\"https:\/\/ffroller-skateboard.fr\/guyane\/cayenne-2\/\"]}]},{\"@type\":\"ImageObject\",\"inLanguage\":\"fr-FR\",\"@id\":\"https:\/\/ffroller-skateboard.fr\/guyane\/cayenne-2\/#primaryimage\",\"url\":\"https:\/\/s.w.org\/images\/core\/emoji\/16.0.1\/svg\/1f4de.svg\",\"contentUrl\":\"https:\/\/s.w.org\/images\/core\/emoji\/16.0.1\/svg\/1f4de.svg\"},{\"@type\":\"BreadcrumbList\",\"@id\":\"https:\/\/ffroller-skateboard.fr\/guyane\/cayenne-2\/#breadcrumb\",\"itemListElement\":[{\"@type\":\"ListItem\",\"position\":1,\"name\":\"Accueil\",\"item\":\"https:\/\/ffroller-skateboard.fr\/guyane\/\"},{\"@type\":\"ListItem\",\"position\":2,\"name\":\"Cayenne\"}]},{\"@type\":\"WebSite\",\"@id\":\"https:\/\/ffroller-skateboard.fr\/guyane\/#website\",\"url\":\"https:\/\/ffroller-skateboard.fr\/guyane\/\",\"name\":\"Ligue Roller et Skateboard Guyane\",\"description\":\"Un site utilisant Les sites de F\u00e9d\u00e9ration Fran\u00e7aise de Roller &amp; Skateboard\",\"publisher\":{\"@id\":\"https:\/\/ffroller-skateboard.fr\/guyane\/#organization\"},\"potentialAction\":[{\"@type\":\"SearchAction\",\"target\":{\"@type\":\"EntryPoint\",\"urlTemplate\":\"https:\/\/ffroller-skateboard.fr\/guyane\/?s={search_term_string}\"},\"query-input\":{\"@type\":\"PropertyValueSpecification\",\"valueRequired\":true,\"valueName\":\"search_term_string\"}}],\"inLanguage\":\"fr-FR\"},{\"@type\":\"Organization\",\"@id\":\"https:\/\/ffroller-skateboard.fr\/guyane\/#organization\",\"name\":\"Ligue Roller et Skateboard Guyane\",\"url\":\"https:\/\/ffroller-skateboard.fr\/guyane\/\",\"logo\":{\"@type\":\"ImageObject\",\"inLanguage\":\"fr-FR\",\"@id\":\"https:\/\/ffroller-skateboard.fr\/guyane\/#\/schema\/logo\/image\/\",\"url\":\"https:\/\/ffroller-skateboard.fr\/guyane\/wp-content\/uploads\/sites\/2\/2022\/09\/cropped-cropped-FFRoller_logo_Departement_Horizontal_Guyane_v2.png\",\"contentUrl\":\"https:\/\/ffroller-skateboard.fr\/guyane\/wp-content\/uploads\/sites\/2\/2022\/09\/cropped-cropped-FFRoller_logo_Departement_Horizontal_Guyane_v2.png\",\"width\":409,\"height\":148,\"caption\":\"Ligue Roller et Skateboard Guyane\"},\"image\":{\"@id\":\"https:\/\/ffroller-skateboard.fr\/guyane\/#\/schema\/logo\/image\/\"},\"sameAs\":[\"http:\/\/www.facebook.com\/pages\/GLISSE-URBAINE-973\/207079225982626\",\"https:\/\/x.com\/Rollersports973\",\"https:\/\/www.youtube.com\/channel\/UCGp6CUElp1RGqIB4LS13DcQ\",\"https:\/\/www.instagram.com\/glisse_urbaine_973\/?fbclid=IwAR27SZISk8Q9ePT-gAC4s6aephMzEkj3mmd4iywW2x1Obudl1YwnZOL0Xjk\"]}]}<\/script>\n<!-- \/ Yoast SEO plugin. -->","yoast_head_json":{"title":"Cayenne - Ligue Roller et Skateboard Guyane","robots":{"index":"index","follow":"follow","max-snippet":"max-snippet:-1","max-image-preview":"max-image-preview:large","max-video-preview":"max-video-preview:-1"},"canonical":"https:\/\/ffroller-skateboard.fr\/guyane\/cayenne-2\/","og_locale":"fr_FR","og_type":"article","og_title":"Cayenne - Ligue Roller et Skateboard Guyane","og_description":"LES VACANCES EN ROLLER \u00c0 CAYENNE \u00e0Pendant les vacances scolaires, nous accueillons les jeunes de 6 \u00e0 17 ans pour qu\u2019ils puissent pratiquer sous la surveillance d\u2019une \u00e9quipe d\u2019animateurs et d\u2019agents. Participe \u00e0 des sessions d\u20191h30, propos\u00e9es trois fois par jour : 15h00 \u2013 16h30 \/ 17h00 \u2013 18h30 \/ 18h30 \u2013 20h00 Activit\u00e9 gratuite [&hellip;]","og_url":"https:\/\/ffroller-skateboard.fr\/guyane\/cayenne-2\/","og_site_name":"Ligue Roller et Skateboard Guyane","article_publisher":"http:\/\/www.facebook.com\/pages\/GLISSE-URBAINE-973\/207079225982626","article_modified_time":"2025-08-14T13:09:29+00:00","og_image":[{"url":"https:\/\/s.w.org\/images\/core\/emoji\/16.0.1\/svg\/1f4de.svg","type":"","width":"","height":""}],"twitter_card":"summary_large_image","twitter_site":"@Rollersports973","twitter_misc":{"Dur\u00e9e de lecture estim\u00e9e":"1 minute"},"schema":{"@context":"https:\/\/schema.org","@graph":[{"@type":"WebPage","@id":"https:\/\/ffroller-skateboard.fr\/guyane\/cayenne-2\/","url":"https:\/\/ffroller-skateboard.fr\/guyane\/cayenne-2\/","name":"Cayenne - Ligue Roller et Skateboard Guyane","isPartOf":{"@id":"https:\/\/ffroller-skateboard.fr\/guyane\/#website"},"primaryImageOfPage":{"@id":"https:\/\/ffroller-skateboard.fr\/guyane\/cayenne-2\/#primaryimage"},"image":{"@id":"https:\/\/ffroller-skateboard.fr\/guyane\/cayenne-2\/#primaryimage"},"thumbnailUrl":"https:\/\/s.w.org\/images\/core\/emoji\/16.0.1\/svg\/1f4de.svg","datePublished":"2025-06-17T11:54:13+00:00","dateModified":"2025-08-14T13:09:29+00:00","breadcrumb":{"@id":"https:\/\/ffroller-skateboard.fr\/guyane\/cayenne-2\/#breadcrumb"},"inLanguage":"fr-FR","potentialAction":[{"@type":"ReadAction","target":["https:\/\/ffroller-skateboard.fr\/guyane\/cayenne-2\/"]}]},{"@type":"ImageObject","inLanguage":"fr-FR","@id":"https:\/\/ffroller-skateboard.fr\/guyane\/cayenne-2\/#primaryimage","url":"https:\/\/s.w.org\/images\/core\/emoji\/16.0.1\/svg\/1f4de.svg","contentUrl":"https:\/\/s.w.org\/images\/core\/emoji\/16.0.1\/svg\/1f4de.svg"},{"@type":"BreadcrumbList","@id":"https:\/\/ffroller-skateboard.fr\/guyane\/cayenne-2\/#breadcrumb","itemListElement":[{"@type":"ListItem","position":1,"name":"Accueil","item":"https:\/\/ffroller-skateboard.fr\/guyane\/"},{"@type":"ListItem","position":2,"name":"Cayenne"}]},{"@type":"WebSite","@id":"https:\/\/ffroller-skateboard.fr\/guyane\/#website","url":"https:\/\/ffroller-skateboard.fr\/guyane\/","name":"Ligue Roller et Skateboard Guyane","description":"Un site utilisant Les sites de F\u00e9d\u00e9ration Fran\u00e7aise de Roller &amp; Skateboard","publisher":{"@id":"https:\/\/ffroller-skateboard.fr\/guyane\/#organization"},"potentialAction":[{"@type":"SearchAction","target":{"@type":"EntryPoint","urlTemplate":"https:\/\/ffroller-skateboard.fr\/guyane\/?s={search_term_string}"},"query-input":{"@type":"PropertyValueSpecification","valueRequired":true,"valueName":"search_term_string"}}],"inLanguage":"fr-FR"},{"@type":"Organization","@id":"https:\/\/ffroller-skateboard.fr\/guyane\/#organization","name":"Ligue Roller et Skateboard Guyane","url":"https:\/\/ffroller-skateboard.fr\/guyane\/","logo":{"@type":"ImageObject","inLanguage":"fr-FR","@id":"https:\/\/ffroller-skateboard.fr\/guyane\/#\/schema\/logo\/image\/","url":"https:\/\/ffroller-skateboard.fr\/guyane\/wp-content\/uploads\/sites\/2\/2022\/09\/cropped-cropped-FFRoller_logo_Departement_Horizontal_Guyane_v2.png","contentUrl":"https:\/\/ffroller-skateboard.fr\/guyane\/wp-content\/uploads\/sites\/2\/2022\/09\/cropped-cropped-FFRoller_logo_Departement_Horizontal_Guyane_v2.png","width":409,"height":148,"caption":"Ligue Roller et Skateboard Guyane"},"image":{"@id":"https:\/\/ffroller-skateboard.fr\/guyane\/#\/schema\/logo\/image\/"},"sameAs":["http:\/\/www.facebook.com\/pages\/GLISSE-URBAINE-973\/207079225982626","https:\/\/x.com\/Rollersports973","https:\/\/www.youtube.com\/channel\/UCGp6CUElp1RGqIB4LS13DcQ","https:\/\/www.instagram.com\/glisse_urbaine_973\/?fbclid=IwAR27SZISk8Q9ePT-gAC4s6aephMzEkj3mmd4iywW2x1Obudl1YwnZOL0Xjk"]}]}},"_links":{"self":[{"href":"https:\/\/ffroller-skateboard.fr\/guyane\/wp-json\/wp\/v2\/pages\/4174","targetHints":{"allow":["GET"]}}],"collection":[{"href":"https:\/\/ffroller-skateboard.fr\/guyane\/wp-json\/wp\/v2\/pages"}],"about":[{"href":"https:\/\/ffroller-skateboard.fr\/guyane\/wp-json\/wp\/v2\/types\/page"}],"author":[{"embeddable":true,"href":"https:\/\/ffroller-skateboard.fr\/guyane\/wp-json\/wp\/v2\/users\/79"}],"replies":[{"embeddable":true,"href":"https:\/\/ffroller-skateboard.fr\/guyane\/wp-json\/wp\/v2\/comments?post=4174"}],"version-history":[{"count":3,"href":"https:\/\/ffroller-skateboard.fr\/guyane\/wp-json\/wp\/v2\/pages\/4174\/revisions"}],"predecessor-version":[{"id":5066,"href":"https:\/\/ffroller-skateboard.fr\/guyane\/wp-json\/wp\/v2\/pages\/4174\/revisions\/5066"}],"wp:attachment":[{"href":"https:\/\/ffroller-skateboard.fr\/guyane\/wp-json\/wp\/v2\/media?parent=4174"}],"curies":[{"name":"wp","href":"https:\/\/api.w.org\/{rel}","templated":true}]}}