{"id":4185,"date":"2025-06-17T13:54:17","date_gmt":"2025-06-17T11:54:17","guid":{"rendered":"https:\/\/ffroller-skateboard.fr\/guyane\/notre-centre-social\/"},"modified":"2026-03-30T20:00:00","modified_gmt":"2026-03-30T18:00:00","slug":"notre-centre-social","status":"publish","type":"page","link":"https:\/\/ffroller-skateboard.fr\/guyane\/notre-centre-social\/","title":{"rendered":"Notre centre social"},"content":{"rendered":"\t\t<div data-elementor-type=\"wp-page\" data-elementor-id=\"4185\" class=\"elementor elementor-4185\" data-elementor-post-type=\"page\">\n\t\t\t\t<div class=\"elementor-element elementor-element-59553092 e-con-full e-flex e-con e-parent\" data-id=\"59553092\" data-element_type=\"container\" data-e-type=\"container\" data-settings=\"{&quot;background_background&quot;:&quot;classic&quot;}\">\n\t\t\t\t<div class=\"elementor-element elementor-element-6e394972 elementor-widget elementor-widget-heading\" data-id=\"6e394972\" data-element_type=\"widget\" data-e-type=\"widget\" data-widget_type=\"heading.default\">\n\t\t\t\t<div class=\"elementor-widget-container\">\n\t\t\t\t\t<h2 class=\"elementor-heading-title elementor-size-default\">CENTRE SOCIAL <\/h2>\t\t\t\t<\/div>\n\t\t\t\t<\/div>\n\t\t<div class=\"elementor-element elementor-element-7b3d1235 e-flex e-con-boxed e-con e-child\" data-id=\"7b3d1235\" data-element_type=\"container\" data-e-type=\"container\">\n\t\t\t\t\t<div class=\"e-con-inner\">\n\t\t\t\t<div class=\"elementor-element elementor-element-23fcb399 elementor-widget elementor-widget-text-editor\" data-id=\"23fcb399\" data-element_type=\"widget\" data-e-type=\"widget\" data-widget_type=\"text-editor.default\">\n\t\t\t\t<div class=\"elementor-widget-container\">\n\t\t\t\t\t\t\t\t\t<p data-start=\"120\" data-end=\"427\">Un nouveau projet ambitieux verra le jour en juin 2024 : <strong data-start=\"177\" data-end=\"200\">la Skatehouse Mirza<\/strong>, un espace innovant reconnu comme <strong data-start=\"235\" data-end=\"279\">Centre Social agr\u00e9\u00e9 par la CAF de Guyane<\/strong>.\u00a0<\/p><p data-start=\"120\" data-end=\"427\">Ce lieu sera enti\u00e8rement d\u00e9di\u00e9 aux actions sociales, culturelles et sportives men\u00e9es au profit des habitants des quartiers <strong data-start=\"404\" data-end=\"413\">Mirza<\/strong> et <strong data-start=\"417\" data-end=\"426\">M\u00e9dan<\/strong>.<\/p><p data-start=\"429\" data-end=\"605\">Ce projet est rendu possible gr\u00e2ce au soutien de plusieurs partenaires : <strong data-start=\"502\" data-end=\"525\">la Ville de Cayenne<\/strong>, <strong data-start=\"527\" data-end=\"547\">la CAF de Guyane<\/strong>, <strong data-start=\"549\" data-end=\"576\">la Pr\u00e9fecture de Guyane<\/strong>, <strong data-start=\"578\" data-end=\"590\">la SIGUY<\/strong> et <strong data-start=\"594\" data-end=\"604\">la CTG<\/strong>.<\/p>\t\t\t\t\t\t\t\t<\/div>\n\t\t\t\t<\/div>\n\t\t\t\t\t<\/div>\n\t\t\t\t<\/div>\n\t\t\t\t<\/div>\n\t\t<div class=\"elementor-element elementor-element-396b1486 e-flex e-con-boxed e-con e-parent\" data-id=\"396b1486\" data-element_type=\"container\" data-e-type=\"container\">\n\t\t\t\t\t<div class=\"e-con-inner\">\n\t\t\t\t<div class=\"elementor-element elementor-element-69722cde elementor-widget elementor-widget-spacer\" data-id=\"69722cde\" data-element_type=\"widget\" data-e-type=\"widget\" data-widget_type=\"spacer.default\">\n\t\t\t\t<div class=\"elementor-widget-container\">\n\t\t\t\t\t\t\t<div class=\"elementor-spacer\">\n\t\t\t<div class=\"elementor-spacer-inner\"><\/div>\n\t\t<\/div>\n\t\t\t\t\t\t<\/div>\n\t\t\t\t<\/div>\n\t\t\t\t\t<\/div>\n\t\t\t\t<\/div>\n\t\t<div class=\"elementor-element elementor-element-2da02f85 e-grid e-con-full e-con e-parent\" data-id=\"2da02f85\" data-element_type=\"container\" data-e-type=\"container\">\n\t\t\t\t<div class=\"elementor-element elementor-element-18173d6b elementor-widget elementor-widget-image\" data-id=\"18173d6b\" data-element_type=\"widget\" data-e-type=\"widget\" data-widget_type=\"image.default\">\n\t\t\t\t<div class=\"elementor-widget-container\">\n\t\t\t\t\t\t\t\t\t\t\t\t\t\t\t<img fetchpriority=\"high\" decoding=\"async\" width=\"497\" height=\"1024\" src=\"https:\/\/ffroller-skateboard.fr\/guyane\/wp-content\/uploads\/sites\/2\/2025\/06\/PROSPECTUS_CENTRE_SOCIAL_MIRZA_MEDAN_2023_2024_Page_1-sd-745x1536-1-497x1024.jpg\" class=\"attachment-large size-large wp-image-4186\" alt=\"\" srcset=\"https:\/\/ffroller-skateboard.fr\/guyane\/wp-content\/uploads\/sites\/2\/2025\/06\/PROSPECTUS_CENTRE_SOCIAL_MIRZA_MEDAN_2023_2024_Page_1-sd-745x1536-1-497x1024.jpg 497w, https:\/\/ffroller-skateboard.fr\/guyane\/wp-content\/uploads\/sites\/2\/2025\/06\/PROSPECTUS_CENTRE_SOCIAL_MIRZA_MEDAN_2023_2024_Page_1-sd-745x1536-1-146x300.jpg 146w, https:\/\/ffroller-skateboard.fr\/guyane\/wp-content\/uploads\/sites\/2\/2025\/06\/PROSPECTUS_CENTRE_SOCIAL_MIRZA_MEDAN_2023_2024_Page_1-sd-745x1536-1.jpg 745w\" sizes=\"(max-width: 497px) 100vw, 497px\" \/>\t\t\t\t\t\t\t\t\t\t\t\t\t\t\t<\/div>\n\t\t\t\t<\/div>\n\t\t\t\t<div class=\"elementor-element elementor-element-22a264fe elementor-widget elementor-widget-image\" data-id=\"22a264fe\" data-element_type=\"widget\" data-e-type=\"widget\" data-widget_type=\"image.default\">\n\t\t\t\t<div class=\"elementor-widget-container\">\n\t\t\t\t\t\t\t\t\t\t\t\t\t\t\t<img decoding=\"async\" width=\"487\" height=\"1024\" src=\"https:\/\/ffroller-skateboard.fr\/guyane\/wp-content\/uploads\/sites\/2\/2025\/06\/PROSPECTUS_CENTRE_SOCIAL_MIRZA_MEDAN_2023_2024_Page_2-sd-731x1536-1-487x1024.jpg\" class=\"attachment-large size-large wp-image-4187\" alt=\"\" srcset=\"https:\/\/ffroller-skateboard.fr\/guyane\/wp-content\/uploads\/sites\/2\/2025\/06\/PROSPECTUS_CENTRE_SOCIAL_MIRZA_MEDAN_2023_2024_Page_2-sd-731x1536-1-487x1024.jpg 487w, https:\/\/ffroller-skateboard.fr\/guyane\/wp-content\/uploads\/sites\/2\/2025\/06\/PROSPECTUS_CENTRE_SOCIAL_MIRZA_MEDAN_2023_2024_Page_2-sd-731x1536-1-143x300.jpg 143w, https:\/\/ffroller-skateboard.fr\/guyane\/wp-content\/uploads\/sites\/2\/2025\/06\/PROSPECTUS_CENTRE_SOCIAL_MIRZA_MEDAN_2023_2024_Page_2-sd-731x1536-1.jpg 731w\" sizes=\"(max-width: 487px) 100vw, 487px\" \/>\t\t\t\t\t\t\t\t\t\t\t\t\t\t\t<\/div>\n\t\t\t\t<\/div>\n\t\t\t\t<div class=\"elementor-element elementor-element-1be7d9b1 elementor-widget elementor-widget-image\" data-id=\"1be7d9b1\" data-element_type=\"widget\" data-e-type=\"widget\" data-widget_type=\"image.default\">\n\t\t\t\t<div class=\"elementor-widget-container\">\n\t\t\t\t\t\t\t\t\t\t\t\t\t\t\t<img decoding=\"async\" width=\"497\" height=\"1024\" src=\"https:\/\/ffroller-skateboard.fr\/guyane\/wp-content\/uploads\/sites\/2\/2025\/06\/PROSPECTUS_CENTRE_SOCIAL_MIRZA_MEDAN_2023_2024_Page_3-sd-746x1536-1-497x1024.jpg\" class=\"attachment-large size-large wp-image-4188\" alt=\"\" srcset=\"https:\/\/ffroller-skateboard.fr\/guyane\/wp-content\/uploads\/sites\/2\/2025\/06\/PROSPECTUS_CENTRE_SOCIAL_MIRZA_MEDAN_2023_2024_Page_3-sd-746x1536-1-497x1024.jpg 497w, https:\/\/ffroller-skateboard.fr\/guyane\/wp-content\/uploads\/sites\/2\/2025\/06\/PROSPECTUS_CENTRE_SOCIAL_MIRZA_MEDAN_2023_2024_Page_3-sd-746x1536-1-146x300.jpg 146w, https:\/\/ffroller-skateboard.fr\/guyane\/wp-content\/uploads\/sites\/2\/2025\/06\/PROSPECTUS_CENTRE_SOCIAL_MIRZA_MEDAN_2023_2024_Page_3-sd-746x1536-1.jpg 746w\" sizes=\"(max-width: 497px) 100vw, 497px\" \/>\t\t\t\t\t\t\t\t\t\t\t\t\t\t\t<\/div>\n\t\t\t\t<\/div>\n\t\t\t\t<\/div>\n\t\t<div class=\"elementor-element elementor-element-76ec8d73 e-flex e-con-boxed e-con e-parent\" data-id=\"76ec8d73\" data-element_type=\"container\" data-e-type=\"container\">\n\t\t\t\t\t<div class=\"e-con-inner\">\n\t\t\t\t<div class=\"elementor-element elementor-element-6f451804 elementor-widget elementor-widget-spacer\" data-id=\"6f451804\" data-element_type=\"widget\" data-e-type=\"widget\" data-widget_type=\"spacer.default\">\n\t\t\t\t<div class=\"elementor-widget-container\">\n\t\t\t\t\t\t\t<div class=\"elementor-spacer\">\n\t\t\t<div class=\"elementor-spacer-inner\"><\/div>\n\t\t<\/div>\n\t\t\t\t\t\t<\/div>\n\t\t\t\t<\/div>\n\t\t\t\t\t<\/div>\n\t\t\t\t<\/div>\n\t\t<div class=\"elementor-element elementor-element-38c1e578 e-grid e-con-full e-con e-parent\" data-id=\"38c1e578\" data-element_type=\"container\" data-e-type=\"container\">\n\t\t\t\t<div class=\"elementor-element elementor-element-773a7eb elementor-widget elementor-widget-image\" data-id=\"773a7eb\" data-element_type=\"widget\" data-e-type=\"widget\" data-widget_type=\"image.default\">\n\t\t\t\t<div class=\"elementor-widget-container\">\n\t\t\t\t\t\t\t\t\t\t\t\t\t\t\t<img loading=\"lazy\" decoding=\"async\" width=\"471\" height=\"1024\" src=\"https:\/\/ffroller-skateboard.fr\/guyane\/wp-content\/uploads\/sites\/2\/2025\/06\/PROSPECTUS_CENTRE_SOCIAL_MIRZA_MEDAN_2023_2024_Page_4-sd-707x1536-1-471x1024.jpg\" class=\"attachment-large size-large wp-image-4189\" alt=\"\" srcset=\"https:\/\/ffroller-skateboard.fr\/guyane\/wp-content\/uploads\/sites\/2\/2025\/06\/PROSPECTUS_CENTRE_SOCIAL_MIRZA_MEDAN_2023_2024_Page_4-sd-707x1536-1-471x1024.jpg 471w, https:\/\/ffroller-skateboard.fr\/guyane\/wp-content\/uploads\/sites\/2\/2025\/06\/PROSPECTUS_CENTRE_SOCIAL_MIRZA_MEDAN_2023_2024_Page_4-sd-707x1536-1-138x300.jpg 138w, https:\/\/ffroller-skateboard.fr\/guyane\/wp-content\/uploads\/sites\/2\/2025\/06\/PROSPECTUS_CENTRE_SOCIAL_MIRZA_MEDAN_2023_2024_Page_4-sd-707x1536-1.jpg 707w\" sizes=\"(max-width: 471px) 100vw, 471px\" \/>\t\t\t\t\t\t\t\t\t\t\t\t\t\t\t<\/div>\n\t\t\t\t<\/div>\n\t\t\t\t<div class=\"elementor-element elementor-element-3dd90b64 elementor-widget elementor-widget-image\" data-id=\"3dd90b64\" data-element_type=\"widget\" data-e-type=\"widget\" data-widget_type=\"image.default\">\n\t\t\t\t<div class=\"elementor-widget-container\">\n\t\t\t\t\t\t\t\t\t\t\t\t\t\t\t<img loading=\"lazy\" decoding=\"async\" width=\"486\" height=\"1024\" src=\"https:\/\/ffroller-skateboard.fr\/guyane\/wp-content\/uploads\/sites\/2\/2025\/06\/PROSPECTUS_CENTRE_SOCIAL_MIRZA_MEDAN_2023_2024_Page_5-sd-729x1536-1-486x1024.jpg\" class=\"attachment-large size-large wp-image-4190\" alt=\"\" srcset=\"https:\/\/ffroller-skateboard.fr\/guyane\/wp-content\/uploads\/sites\/2\/2025\/06\/PROSPECTUS_CENTRE_SOCIAL_MIRZA_MEDAN_2023_2024_Page_5-sd-729x1536-1-486x1024.jpg 486w, https:\/\/ffroller-skateboard.fr\/guyane\/wp-content\/uploads\/sites\/2\/2025\/06\/PROSPECTUS_CENTRE_SOCIAL_MIRZA_MEDAN_2023_2024_Page_5-sd-729x1536-1-142x300.jpg 142w, https:\/\/ffroller-skateboard.fr\/guyane\/wp-content\/uploads\/sites\/2\/2025\/06\/PROSPECTUS_CENTRE_SOCIAL_MIRZA_MEDAN_2023_2024_Page_5-sd-729x1536-1.jpg 729w\" sizes=\"(max-width: 486px) 100vw, 486px\" \/>\t\t\t\t\t\t\t\t\t\t\t\t\t\t\t<\/div>\n\t\t\t\t<\/div>\n\t\t\t\t<div class=\"elementor-element elementor-element-2330b885 elementor-widget elementor-widget-image\" data-id=\"2330b885\" data-element_type=\"widget\" data-e-type=\"widget\" data-widget_type=\"image.default\">\n\t\t\t\t<div class=\"elementor-widget-container\">\n\t\t\t\t\t\t\t\t\t\t\t\t\t\t\t<img loading=\"lazy\" decoding=\"async\" width=\"465\" height=\"1024\" src=\"https:\/\/ffroller-skateboard.fr\/guyane\/wp-content\/uploads\/sites\/2\/2025\/06\/PROSPECTUS_CENTRE_SOCIAL_MIRZA_MEDAN_2023_2024_Page_6-sd-698x1536-1-465x1024.jpg\" class=\"attachment-large size-large wp-image-4191\" alt=\"\" srcset=\"https:\/\/ffroller-skateboard.fr\/guyane\/wp-content\/uploads\/sites\/2\/2025\/06\/PROSPECTUS_CENTRE_SOCIAL_MIRZA_MEDAN_2023_2024_Page_6-sd-698x1536-1-465x1024.jpg 465w, https:\/\/ffroller-skateboard.fr\/guyane\/wp-content\/uploads\/sites\/2\/2025\/06\/PROSPECTUS_CENTRE_SOCIAL_MIRZA_MEDAN_2023_2024_Page_6-sd-698x1536-1-136x300.jpg 136w, https:\/\/ffroller-skateboard.fr\/guyane\/wp-content\/uploads\/sites\/2\/2025\/06\/PROSPECTUS_CENTRE_SOCIAL_MIRZA_MEDAN_2023_2024_Page_6-sd-698x1536-1.jpg 698w\" sizes=\"(max-width: 465px) 100vw, 465px\" \/>\t\t\t\t\t\t\t\t\t\t\t\t\t\t\t<\/div>\n\t\t\t\t<\/div>\n\t\t\t\t<\/div>\n\t\t<div class=\"elementor-element elementor-element-f9b92c0 e-flex e-con-boxed e-con e-parent\" data-id=\"f9b92c0\" data-element_type=\"container\" data-e-type=\"container\">\n\t\t\t\t\t<div class=\"e-con-inner\">\n\t\t\t\t<div class=\"elementor-element elementor-element-e3982d1 elementor-widget elementor-widget-spacer\" data-id=\"e3982d1\" data-element_type=\"widget\" data-e-type=\"widget\" data-widget_type=\"spacer.default\">\n\t\t\t\t<div class=\"elementor-widget-container\">\n\t\t\t\t\t\t\t<div class=\"elementor-spacer\">\n\t\t\t<div class=\"elementor-spacer-inner\"><\/div>\n\t\t<\/div>\n\t\t\t\t\t\t<\/div>\n\t\t\t\t<\/div>\n\t\t\t\t\t<\/div>\n\t\t\t\t<\/div>\n\t\t\t\t<\/div>\n\t\t","protected":false},"excerpt":{"rendered":"<p>CENTRE SOCIAL Un nouveau projet ambitieux verra le jour en juin 2024 : la Skatehouse Mirza, un espace innovant reconnu comme Centre Social agr\u00e9\u00e9 par la CAF de Guyane.\u00a0 Ce lieu sera enti\u00e8rement d\u00e9di\u00e9 aux actions sociales, culturelles et sportives men\u00e9es au profit des habitants des quartiers Mirza et M\u00e9dan. Ce projet est rendu possible [&hellip;]<\/p>\n","protected":false},"author":79,"featured_media":0,"parent":0,"menu_order":0,"comment_status":"closed","ping_status":"closed","template":"","meta":{"_acf_changed":false,"footnotes":""},"class_list":["post-4185","page","type-page","status-publish","hentry"],"acf":[],"yoast_head":"<!-- This site is optimized with the Yoast SEO plugin v27.2 - https:\/\/yoast.com\/product\/yoast-seo-wordpress\/ -->\n<title>Notre centre social - Ligue Roller et Skateboard Guyane<\/title>\n<meta name=\"robots\" content=\"index, follow, max-snippet:-1, max-image-preview:large, max-video-preview:-1\" \/>\n<link rel=\"canonical\" href=\"https:\/\/ffroller-skateboard.fr\/guyane\/notre-centre-social\/\" \/>\n<meta property=\"og:locale\" content=\"fr_FR\" \/>\n<meta property=\"og:type\" content=\"article\" \/>\n<meta property=\"og:title\" content=\"Notre centre social - Ligue Roller et Skateboard Guyane\" \/>\n<meta property=\"og:description\" content=\"CENTRE SOCIAL Un nouveau projet ambitieux verra le jour en juin 2024 : la Skatehouse Mirza, un espace innovant reconnu comme Centre Social agr\u00e9\u00e9 par la CAF de Guyane.\u00a0 Ce lieu sera enti\u00e8rement d\u00e9di\u00e9 aux actions sociales, culturelles et sportives men\u00e9es au profit des habitants des quartiers Mirza et M\u00e9dan. Ce projet est rendu possible [&hellip;]\" \/>\n<meta property=\"og:url\" content=\"https:\/\/ffroller-skateboard.fr\/guyane\/notre-centre-social\/\" \/>\n<meta property=\"og:site_name\" content=\"Ligue Roller et Skateboard Guyane\" \/>\n<meta property=\"article:publisher\" content=\"http:\/\/www.facebook.com\/pages\/GLISSE-URBAINE-973\/207079225982626\" \/>\n<meta property=\"article:modified_time\" content=\"2026-03-30T18:00:00+00:00\" \/>\n<meta property=\"og:image\" content=\"https:\/\/ffroller-skateboard.fr\/guyane\/wp-content\/uploads\/sites\/2\/2025\/06\/PROSPECTUS_CENTRE_SOCIAL_MIRZA_MEDAN_2023_2024_Page_1-sd-745x1536-1.jpg\" \/>\n\t<meta property=\"og:image:width\" content=\"745\" \/>\n\t<meta property=\"og:image:height\" content=\"1536\" \/>\n\t<meta property=\"og:image:type\" content=\"image\/jpeg\" \/>\n<meta name=\"twitter:card\" content=\"summary_large_image\" \/>\n<meta name=\"twitter:site\" content=\"@Rollersports973\" \/>\n<meta name=\"twitter:label1\" content=\"Dur\u00e9e de lecture estim\u00e9e\" \/>\n\t<meta name=\"twitter:data1\" content=\"2 minutes\" \/>\n<script type=\"application\/ld+json\" class=\"yoast-schema-graph\">{\"@context\":\"https:\/\/schema.org\",\"@graph\":[{\"@type\":\"WebPage\",\"@id\":\"https:\/\/ffroller-skateboard.fr\/guyane\/notre-centre-social\/\",\"url\":\"https:\/\/ffroller-skateboard.fr\/guyane\/notre-centre-social\/\",\"name\":\"Notre centre social - Ligue Roller et Skateboard Guyane\",\"isPartOf\":{\"@id\":\"https:\/\/ffroller-skateboard.fr\/guyane\/#website\"},\"primaryImageOfPage\":{\"@id\":\"https:\/\/ffroller-skateboard.fr\/guyane\/notre-centre-social\/#primaryimage\"},\"image\":{\"@id\":\"https:\/\/ffroller-skateboard.fr\/guyane\/notre-centre-social\/#primaryimage\"},\"thumbnailUrl\":\"https:\/\/ffroller-skateboard.fr\/guyane\/wp-content\/uploads\/sites\/2\/2025\/06\/PROSPECTUS_CENTRE_SOCIAL_MIRZA_MEDAN_2023_2024_Page_1-sd-745x1536-1-497x1024.jpg\",\"datePublished\":\"2025-06-17T11:54:17+00:00\",\"dateModified\":\"2026-03-30T18:00:00+00:00\",\"breadcrumb\":{\"@id\":\"https:\/\/ffroller-skateboard.fr\/guyane\/notre-centre-social\/#breadcrumb\"},\"inLanguage\":\"fr-FR\",\"potentialAction\":[{\"@type\":\"ReadAction\",\"target\":[\"https:\/\/ffroller-skateboard.fr\/guyane\/notre-centre-social\/\"]}]},{\"@type\":\"ImageObject\",\"inLanguage\":\"fr-FR\",\"@id\":\"https:\/\/ffroller-skateboard.fr\/guyane\/notre-centre-social\/#primaryimage\",\"url\":\"https:\/\/ffroller-skateboard.fr\/guyane\/wp-content\/uploads\/sites\/2\/2025\/06\/PROSPECTUS_CENTRE_SOCIAL_MIRZA_MEDAN_2023_2024_Page_1-sd-745x1536-1.jpg\",\"contentUrl\":\"https:\/\/ffroller-skateboard.fr\/guyane\/wp-content\/uploads\/sites\/2\/2025\/06\/PROSPECTUS_CENTRE_SOCIAL_MIRZA_MEDAN_2023_2024_Page_1-sd-745x1536-1.jpg\",\"width\":745,\"height\":1536},{\"@type\":\"BreadcrumbList\",\"@id\":\"https:\/\/ffroller-skateboard.fr\/guyane\/notre-centre-social\/#breadcrumb\",\"itemListElement\":[{\"@type\":\"ListItem\",\"position\":1,\"name\":\"Accueil\",\"item\":\"https:\/\/ffroller-skateboard.fr\/guyane\/\"},{\"@type\":\"ListItem\",\"position\":2,\"name\":\"Notre centre social\"}]},{\"@type\":\"WebSite\",\"@id\":\"https:\/\/ffroller-skateboard.fr\/guyane\/#website\",\"url\":\"https:\/\/ffroller-skateboard.fr\/guyane\/\",\"name\":\"Ligue Roller et Skateboard Guyane\",\"description\":\"Un site utilisant Les sites de F\u00e9d\u00e9ration Fran\u00e7aise de Roller &amp; Skateboard\",\"publisher\":{\"@id\":\"https:\/\/ffroller-skateboard.fr\/guyane\/#organization\"},\"potentialAction\":[{\"@type\":\"SearchAction\",\"target\":{\"@type\":\"EntryPoint\",\"urlTemplate\":\"https:\/\/ffroller-skateboard.fr\/guyane\/?s={search_term_string}\"},\"query-input\":{\"@type\":\"PropertyValueSpecification\",\"valueRequired\":true,\"valueName\":\"search_term_string\"}}],\"inLanguage\":\"fr-FR\"},{\"@type\":\"Organization\",\"@id\":\"https:\/\/ffroller-skateboard.fr\/guyane\/#organization\",\"name\":\"Ligue Roller et Skateboard Guyane\",\"url\":\"https:\/\/ffroller-skateboard.fr\/guyane\/\",\"logo\":{\"@type\":\"ImageObject\",\"inLanguage\":\"fr-FR\",\"@id\":\"https:\/\/ffroller-skateboard.fr\/guyane\/#\/schema\/logo\/image\/\",\"url\":\"https:\/\/ffroller-skateboard.fr\/guyane\/wp-content\/uploads\/sites\/2\/2022\/09\/cropped-cropped-FFRoller_logo_Departement_Horizontal_Guyane_v2.png\",\"contentUrl\":\"https:\/\/ffroller-skateboard.fr\/guyane\/wp-content\/uploads\/sites\/2\/2022\/09\/cropped-cropped-FFRoller_logo_Departement_Horizontal_Guyane_v2.png\",\"width\":409,\"height\":148,\"caption\":\"Ligue Roller et Skateboard Guyane\"},\"image\":{\"@id\":\"https:\/\/ffroller-skateboard.fr\/guyane\/#\/schema\/logo\/image\/\"},\"sameAs\":[\"http:\/\/www.facebook.com\/pages\/GLISSE-URBAINE-973\/207079225982626\",\"https:\/\/x.com\/Rollersports973\",\"https:\/\/www.youtube.com\/channel\/UCGp6CUElp1RGqIB4LS13DcQ\",\"https:\/\/www.instagram.com\/glisse_urbaine_973\/?fbclid=IwAR27SZISk8Q9ePT-gAC4s6aephMzEkj3mmd4iywW2x1Obudl1YwnZOL0Xjk\"]}]}<\/script>\n<!-- \/ Yoast SEO plugin. -->","yoast_head_json":{"title":"Notre centre social - Ligue Roller et Skateboard Guyane","robots":{"index":"index","follow":"follow","max-snippet":"max-snippet:-1","max-image-preview":"max-image-preview:large","max-video-preview":"max-video-preview:-1"},"canonical":"https:\/\/ffroller-skateboard.fr\/guyane\/notre-centre-social\/","og_locale":"fr_FR","og_type":"article","og_title":"Notre centre social - Ligue Roller et Skateboard Guyane","og_description":"CENTRE SOCIAL Un nouveau projet ambitieux verra le jour en juin 2024 : la Skatehouse Mirza, un espace innovant reconnu comme Centre Social agr\u00e9\u00e9 par la CAF de Guyane.\u00a0 Ce lieu sera enti\u00e8rement d\u00e9di\u00e9 aux actions sociales, culturelles et sportives men\u00e9es au profit des habitants des quartiers Mirza et M\u00e9dan. Ce projet est rendu possible [&hellip;]","og_url":"https:\/\/ffroller-skateboard.fr\/guyane\/notre-centre-social\/","og_site_name":"Ligue Roller et Skateboard Guyane","article_publisher":"http:\/\/www.facebook.com\/pages\/GLISSE-URBAINE-973\/207079225982626","article_modified_time":"2026-03-30T18:00:00+00:00","og_image":[{"width":745,"height":1536,"url":"https:\/\/ffroller-skateboard.fr\/guyane\/wp-content\/uploads\/sites\/2\/2025\/06\/PROSPECTUS_CENTRE_SOCIAL_MIRZA_MEDAN_2023_2024_Page_1-sd-745x1536-1.jpg","type":"image\/jpeg"}],"twitter_card":"summary_large_image","twitter_site":"@Rollersports973","twitter_misc":{"Dur\u00e9e de lecture estim\u00e9e":"2 minutes"},"schema":{"@context":"https:\/\/schema.org","@graph":[{"@type":"WebPage","@id":"https:\/\/ffroller-skateboard.fr\/guyane\/notre-centre-social\/","url":"https:\/\/ffroller-skateboard.fr\/guyane\/notre-centre-social\/","name":"Notre centre social - Ligue Roller et Skateboard Guyane","isPartOf":{"@id":"https:\/\/ffroller-skateboard.fr\/guyane\/#website"},"primaryImageOfPage":{"@id":"https:\/\/ffroller-skateboard.fr\/guyane\/notre-centre-social\/#primaryimage"},"image":{"@id":"https:\/\/ffroller-skateboard.fr\/guyane\/notre-centre-social\/#primaryimage"},"thumbnailUrl":"https:\/\/ffroller-skateboard.fr\/guyane\/wp-content\/uploads\/sites\/2\/2025\/06\/PROSPECTUS_CENTRE_SOCIAL_MIRZA_MEDAN_2023_2024_Page_1-sd-745x1536-1-497x1024.jpg","datePublished":"2025-06-17T11:54:17+00:00","dateModified":"2026-03-30T18:00:00+00:00","breadcrumb":{"@id":"https:\/\/ffroller-skateboard.fr\/guyane\/notre-centre-social\/#breadcrumb"},"inLanguage":"fr-FR","potentialAction":[{"@type":"ReadAction","target":["https:\/\/ffroller-skateboard.fr\/guyane\/notre-centre-social\/"]}]},{"@type":"ImageObject","inLanguage":"fr-FR","@id":"https:\/\/ffroller-skateboard.fr\/guyane\/notre-centre-social\/#primaryimage","url":"https:\/\/ffroller-skateboard.fr\/guyane\/wp-content\/uploads\/sites\/2\/2025\/06\/PROSPECTUS_CENTRE_SOCIAL_MIRZA_MEDAN_2023_2024_Page_1-sd-745x1536-1.jpg","contentUrl":"https:\/\/ffroller-skateboard.fr\/guyane\/wp-content\/uploads\/sites\/2\/2025\/06\/PROSPECTUS_CENTRE_SOCIAL_MIRZA_MEDAN_2023_2024_Page_1-sd-745x1536-1.jpg","width":745,"height":1536},{"@type":"BreadcrumbList","@id":"https:\/\/ffroller-skateboard.fr\/guyane\/notre-centre-social\/#breadcrumb","itemListElement":[{"@type":"ListItem","position":1,"name":"Accueil","item":"https:\/\/ffroller-skateboard.fr\/guyane\/"},{"@type":"ListItem","position":2,"name":"Notre centre social"}]},{"@type":"WebSite","@id":"https:\/\/ffroller-skateboard.fr\/guyane\/#website","url":"https:\/\/ffroller-skateboard.fr\/guyane\/","name":"Ligue Roller et Skateboard Guyane","description":"Un site utilisant Les sites de F\u00e9d\u00e9ration Fran\u00e7aise de Roller &amp; Skateboard","publisher":{"@id":"https:\/\/ffroller-skateboard.fr\/guyane\/#organization"},"potentialAction":[{"@type":"SearchAction","target":{"@type":"EntryPoint","urlTemplate":"https:\/\/ffroller-skateboard.fr\/guyane\/?s={search_term_string}"},"query-input":{"@type":"PropertyValueSpecification","valueRequired":true,"valueName":"search_term_string"}}],"inLanguage":"fr-FR"},{"@type":"Organization","@id":"https:\/\/ffroller-skateboard.fr\/guyane\/#organization","name":"Ligue Roller et Skateboard Guyane","url":"https:\/\/ffroller-skateboard.fr\/guyane\/","logo":{"@type":"ImageObject","inLanguage":"fr-FR","@id":"https:\/\/ffroller-skateboard.fr\/guyane\/#\/schema\/logo\/image\/","url":"https:\/\/ffroller-skateboard.fr\/guyane\/wp-content\/uploads\/sites\/2\/2022\/09\/cropped-cropped-FFRoller_logo_Departement_Horizontal_Guyane_v2.png","contentUrl":"https:\/\/ffroller-skateboard.fr\/guyane\/wp-content\/uploads\/sites\/2\/2022\/09\/cropped-cropped-FFRoller_logo_Departement_Horizontal_Guyane_v2.png","width":409,"height":148,"caption":"Ligue Roller et Skateboard Guyane"},"image":{"@id":"https:\/\/ffroller-skateboard.fr\/guyane\/#\/schema\/logo\/image\/"},"sameAs":["http:\/\/www.facebook.com\/pages\/GLISSE-URBAINE-973\/207079225982626","https:\/\/x.com\/Rollersports973","https:\/\/www.youtube.com\/channel\/UCGp6CUElp1RGqIB4LS13DcQ","https:\/\/www.instagram.com\/glisse_urbaine_973\/?fbclid=IwAR27SZISk8Q9ePT-gAC4s6aephMzEkj3mmd4iywW2x1Obudl1YwnZOL0Xjk"]}]}},"_links":{"self":[{"href":"https:\/\/ffroller-skateboard.fr\/guyane\/wp-json\/wp\/v2\/pages\/4185","targetHints":{"allow":["GET"]}}],"collection":[{"href":"https:\/\/ffroller-skateboard.fr\/guyane\/wp-json\/wp\/v2\/pages"}],"about":[{"href":"https:\/\/ffroller-skateboard.fr\/guyane\/wp-json\/wp\/v2\/types\/page"}],"author":[{"embeddable":true,"href":"https:\/\/ffroller-skateboard.fr\/guyane\/wp-json\/wp\/v2\/users\/79"}],"replies":[{"embeddable":true,"href":"https:\/\/ffroller-skateboard.fr\/guyane\/wp-json\/wp\/v2\/comments?post=4185"}],"version-history":[{"count":3,"href":"https:\/\/ffroller-skateboard.fr\/guyane\/wp-json\/wp\/v2\/pages\/4185\/revisions"}],"predecessor-version":[{"id":5537,"href":"https:\/\/ffroller-skateboard.fr\/guyane\/wp-json\/wp\/v2\/pages\/4185\/revisions\/5537"}],"wp:attachment":[{"href":"https:\/\/ffroller-skateboard.fr\/guyane\/wp-json\/wp\/v2\/media?parent=4185"}],"curies":[{"name":"wp","href":"https:\/\/api.w.org\/{rel}","templated":true}]}}